{"id":102,"date":"2019-01-25T10:49:59","date_gmt":"2019-01-25T10:49:59","guid":{"rendered":"http:\/\/localhost\/wordpress\/?page_id=102"},"modified":"2025-06-11T18:31:01","modified_gmt":"2025-06-11T18:31:01","slug":"reservar-uma-sala","status":"publish","type":"page","link":"http:\/\/tutoriais.nrc.ice.ufjf.br\/index.php\/reservar-uma-sala\/","title":{"rendered":"Reservar uma sala"},"content":{"rendered":"\n<ol class=\"wp-block-list\">\n<li>Logue no I<strong>N<\/strong>tegra.<\/li>\n\n\n\n<li>No menu \u00e0 esquerda clique em &#8220;Reserva de Sala&#8221;.<\/li>\n\n\n\n<li>Clique no bot\u00e3o &#8220;Criar Reserva&#8221;.<\/li>\n\n\n\n<li>A janela &#8220;RESERVA&#8221; ser\u00e1 aberta.<\/li>\n\n\n\n<li>Selecione o &#8220;Tipo de Reserva&#8221;.<\/li>\n\n\n\n<li>Selecione a &#8220;Sala&#8221;.<\/li>\n\n\n\n<li>Selecione o &#8220;Departamento&#8221;.<\/li>\n\n\n\n<li>Selecione a &#8220;Disciplina&#8221;.<\/li>\n\n\n\n<li>No campo &#8220;Reserva&#8221; insira a data e hora da reserva.<\/li>\n\n\n\n<li>No campo &#8220;Dura\u00e7\u00e3o&#8221; selecione a dura\u00e7\u00e3o da reserva.<\/li>\n\n\n\n<li>Caso queira marcar mais de um hor\u00e1rio clique na caixa de sele\u00e7\u00e3o &#8220;Marcar m\u00faltiplos hor\u00e1rios&#8221; e insira os dados.<\/li>\n\n\n\n<li>Caso queira repetir a reserva at\u00e9 uma data espec\u00edfica clique na caixa sele\u00e7\u00e3o &#8220;Marcar at\u00e9 a data&#8221; e insira a data.<\/li>\n\n\n\n<li>Caso queria coloque uma observa\u00e7\u00e3o no campo &#8220;Observa\u00e7\u00e3o&#8221;.<\/li>\n\n\n\n<li>Clique em &#8220;Salvar&#8221;.<\/li>\n<\/ol>\n\n\n<p>&nbsp;<\/p>\n<div class=\"h5p-iframe-wrapper\"><iframe id=\"h5p-iframe-13\" class=\"h5p-iframe\" data-content-id=\"13\" style=\"height:1px\" src=\"about:blank\" frameBorder=\"0\" scrolling=\"no\" title=\"Reserva de Sala\"><\/iframe><\/div>","protected":false},"excerpt":{"rendered":"<p>..<\/p>\n<div class=\"clear-fix\"><\/div>\n<p><a href=\"http:\/\/tutoriais.nrc.ice.ufjf.br\/index.php\/reservar-uma-sala\/\" title=\"read more...\">Read more<\/a><\/p>\n","protected":false},"author":1,"featured_media":0,"parent":0,"menu_order":10,"comment_status":"closed","ping_status":"closed","template":"","meta":{"footnotes":""},"class_list":["post-102","page","type-page","status-publish","hentry"],"_links":{"self":[{"href":"http:\/\/tutoriais.nrc.ice.ufjf.br\/index.php\/wp-json\/wp\/v2\/pages\/102","targetHints":{"allow":["GET"]}}],"collection":[{"href":"http:\/\/tutoriais.nrc.ice.ufjf.br\/index.php\/wp-json\/wp\/v2\/pages"}],"about":[{"href":"http:\/\/tutoriais.nrc.ice.ufjf.br\/index.php\/wp-json\/wp\/v2\/types\/page"}],"author":[{"embeddable":true,"href":"http:\/\/tutoriais.nrc.ice.ufjf.br\/index.php\/wp-json\/wp\/v2\/users\/1"}],"replies":[{"embeddable":true,"href":"http:\/\/tutoriais.nrc.ice.ufjf.br\/index.php\/wp-json\/wp\/v2\/comments?post=102"}],"version-history":[{"count":4,"href":"http:\/\/tutoriais.nrc.ice.ufjf.br\/index.php\/wp-json\/wp\/v2\/pages\/102\/revisions"}],"predecessor-version":[{"id":451,"href":"http:\/\/tutoriais.nrc.ice.ufjf.br\/index.php\/wp-json\/wp\/v2\/pages\/102\/revisions\/451"}],"wp:attachment":[{"href":"http:\/\/tutoriais.nrc.ice.ufjf.br\/index.php\/wp-json\/wp\/v2\/media?parent=102"}],"curies":[{"name":"wp","href":"https:\/\/api.w.org\/{rel}","templated":true}]}}