{"id":16,"date":"2019-01-08T12:22:27","date_gmt":"2019-01-08T12:22:27","guid":{"rendered":"http:\/\/localhost\/wordpress\/?page_id=16"},"modified":"2019-02-27T13:32:20","modified_gmt":"2019-02-27T13:32:20","slug":"abrir-um-chamado-de-suporte","status":"publish","type":"page","link":"http:\/\/tutoriais.nrc.ice.ufjf.br\/index.php\/abrir-um-chamado-de-suporte\/","title":{"rendered":"Abrir um Chamado de Suporte"},"content":{"rendered":"<h3>Se voc\u00ea n\u00e3o estiver logado no I<strong>N<\/strong>tegra<\/h3>\n<ol>\n<li>Acesse a p\u00e1gina de login do <a href=\"https:\/\/oauth.integra.nrc.ice.ufjf.br\/login\">I<strong>N<\/strong>tegra<\/a>.<\/li>\n<li>No canto superior direito clique em <a href=\"https:\/\/integra.nrc.ice.ufjf.br\/integra\/geral\/menuSuporte.zul\">Suporte<\/a>.<\/li>\n<li>Clique no bot\u00e3o &#8220;Abrir novo chamado&#8221; ou no link &#8220;Novo Chamado&#8221;.<\/li>\n<li>Preencha os campos Nome, Email e Matr\u00edcula \/ Siape.<\/li>\n<li>No campo &#8220;Motivo&#8221; leia atentamente as op\u00e7\u00f5es e selecione a que melhor se enquadra na situa\u00e7\u00e3o.<\/li>\n<li>Preencha o campo &#8220;Ramal\/Tel Contato&#8221;<\/li>\n<li>Selecione o melhor per\u00edodo para contato: Manh\u00e3, Tarde ou Noite.<\/li>\n<li>No campo &#8220;Assunto&#8221; diferentes op\u00e7\u00f5es s\u00e3o mostradas de acordo com o que \u00e9 selecionado no campo &#8220;Motivo&#8221;. Se nenhuma op\u00e7\u00e3o se enquadrar na situa\u00e7\u00e3o selecione &#8220;Outros&#8221;.<\/li>\n<li>No campo &#8220;mensagem&#8221; aparecem algumas solicita\u00e7\u00f5es de informa\u00e7\u00e3o pr\u00e9-determinadas de acordo com o que \u00e9 selecionado no campo &#8220;Assunto&#8221;. Sempre que poss\u00edvel apresente todas as informa\u00e7\u00f5es solicitadas. Isso facilita a resolu\u00e7\u00e3o do chamado.<\/li>\n<li>No campo &#8220;Anexo&#8221; se for o caso, e se puder, envie uma imagem da tela utilizando as funcionalidades de &#8220;PrintScreen&#8221; do computador. Se tiver d\u00favidas sobre como salvar uma imagem da tela do computador clique <a href=\"https:\/\/www.google.com.br\/search?q=como+tirar+um+print+da+tela\">aqui<\/a>.<\/li>\n<li>Clique no bot\u00e3o &#8220;Enviar Chamado&#8221;.<\/li>\n<li>Aguarde a tela que exibe a mensagem &#8220;Chamado aberto com sucesso&#8221;.<\/li>\n<li>Ser\u00e1 enviado para o seu email uma mensagem o seu n\u00famero de protocolo.<\/li>\n<li>Para saber como acompanhar o seu pedido clique aqui<\/li>\n<li>Quando o pedido de suporte for atendido ser\u00e1 enviada uma\u00a0mensagem\u00a0para o email informado.<\/li>\n<\/ol>\n<div class=\"h5p-iframe-wrapper\"><iframe id=\"h5p-iframe-3\" class=\"h5p-iframe\" data-content-id=\"3\" style=\"height:1px\" src=\"about:blank\" frameBorder=\"0\" scrolling=\"no\" title=\"Pedido de Suporte\"><\/iframe><\/div>\n<h3>Se estiver logado no I<strong>N<\/strong>tegra<\/h3>\n<ol>\n<li>No menu clique na op\u00e7\u00e3o suporte.<\/li>\n<li>No campo &#8220;Motivo&#8221; leia atentamente as op\u00e7\u00f5es e selecione a que melhor se enquadra na situa\u00e7\u00e3o.<\/li>\n<li>Preencha o campo &#8220;Ramal\/Tel Contato&#8221;<\/li>\n<li>Selecione o melhor per\u00edodo para contato: Manh\u00e3, Tarde ou Noite.<\/li>\n<li>No campo &#8220;Assunto&#8221; diferentes op\u00e7\u00f5es s\u00e3o mostradas de acordo com o que \u00e9 selecionado no campo &#8220;Motivo&#8221;. Se nenhuma op\u00e7\u00e3o se enquadrar na situa\u00e7\u00e3o selecione &#8220;Outros&#8221;.<\/li>\n<li>No campo &#8220;mensagem&#8221; aparecem algumas solicita\u00e7\u00f5es de informa\u00e7\u00e3o pr\u00e9-determinadas de acordo com o que \u00e9 selecionado no campo &#8220;Assunto&#8221;. Sempre que poss\u00edvel apresente todas as informa\u00e7\u00f5es solicitadas. Isso facilita a resolu\u00e7\u00e3o do chamado.<\/li>\n<li>No campo &#8220;Anexo&#8221; se for o caso, e se puder, envie uma imagem da tela utilizando as funcionalidades de &#8220;PrintScreen&#8221; do computador. Se tiver d\u00favidas sobre como salvar uma imagem da tela do computador clique <a href=\"https:\/\/www.google.com.br\/search?q=como+tirar+um+print+da+tela\">aqui<\/a>.<\/li>\n<li>Clique no bot\u00e3o &#8220;Enviar Chamado&#8221;.<\/li>\n<li>Aguarde a tela que exibe a mensagem &#8220;Chamado aberto com sucesso&#8221;.<\/li>\n<li>Ser\u00e1 enviado para o seu email @ice uma mensagem o seu n\u00famero de protocolo.<\/li>\n<li>Para saber como acompanhar o seu pedido clique aqui<\/li>\n<li>Quando o pedido de suporte for atendido ser\u00e1 enviada uma mensagem para o email @ice.<\/li>\n<\/ol>\n<div class=\"h5p-iframe-wrapper\"><iframe id=\"h5p-iframe-4\" class=\"h5p-iframe\" data-content-id=\"4\" style=\"height:1px\" src=\"about:blank\" frameBorder=\"0\" scrolling=\"no\" title=\"Pedido de Suporte Logado\"><\/iframe><\/div>\n","protected":false},"excerpt":{"rendered":"<p>Se voc\u00ea n\u00e3o estiver logado no INtegra Acesse a p\u00e1gina de login do INtegra. No canto superior direito clique em Suporte. Clique no bot\u00e3o &#8220;Abrir novo chamado&#8221; ou no link &#8220;Novo Chamado&#8221;. Preencha os campos Nome, Email e Matr\u00edcula \/ Siape. No campo &#8220;Motivo&#8221; leia atentamente as op\u00e7\u00f5es e selecione a que melhor se enquadra ..<\/p>\n<div class=\"clear-fix\"><\/div>\n<p><a href=\"http:\/\/tutoriais.nrc.ice.ufjf.br\/index.php\/abrir-um-chamado-de-suporte\/\" title=\"read more...\">Read more<\/a><\/p>\n","protected":false},"author":1,"featured_media":0,"parent":0,"menu_order":4,"comment_status":"closed","ping_status":"closed","template":"","meta":{"footnotes":""},"class_list":["post-16","page","type-page","status-publish","hentry"],"_links":{"self":[{"href":"http:\/\/tutoriais.nrc.ice.ufjf.br\/index.php\/wp-json\/wp\/v2\/pages\/16","targetHints":{"allow":["GET"]}}],"collection":[{"href":"http:\/\/tutoriais.nrc.ice.ufjf.br\/index.php\/wp-json\/wp\/v2\/pages"}],"about":[{"href":"http:\/\/tutoriais.nrc.ice.ufjf.br\/index.php\/wp-json\/wp\/v2\/types\/page"}],"author":[{"embeddable":true,"href":"http:\/\/tutoriais.nrc.ice.ufjf.br\/index.php\/wp-json\/wp\/v2\/users\/1"}],"replies":[{"embeddable":true,"href":"http:\/\/tutoriais.nrc.ice.ufjf.br\/index.php\/wp-json\/wp\/v2\/comments?post=16"}],"version-history":[{"count":1,"href":"http:\/\/tutoriais.nrc.ice.ufjf.br\/index.php\/wp-json\/wp\/v2\/pages\/16\/revisions"}],"predecessor-version":[{"id":286,"href":"http:\/\/tutoriais.nrc.ice.ufjf.br\/index.php\/wp-json\/wp\/v2\/pages\/16\/revisions\/286"}],"wp:attachment":[{"href":"http:\/\/tutoriais.nrc.ice.ufjf.br\/index.php\/wp-json\/wp\/v2\/media?parent=16"}],"curies":[{"name":"wp","href":"https:\/\/api.w.org\/{rel}","templated":true}]}}