{"id":200,"date":"2019-01-30T11:22:26","date_gmt":"2019-01-30T11:22:26","guid":{"rendered":"http:\/\/localhost\/wordpress\/?page_id=200"},"modified":"2019-02-27T13:17:33","modified_gmt":"2019-02-27T13:17:33","slug":"editando-um-grupo-de-email","status":"publish","type":"page","link":"http:\/\/tutoriais.nrc.ice.ufjf.br\/index.php\/editando-um-grupo-de-email\/","title":{"rendered":"Editando um Grupo de Email"},"content":{"rendered":"\n<ol class=\"wp-block-list\"><li>Logue no I<strong>N<\/strong>tegra. <\/li><li>No menu \u00e0 esquerda clique em &#8220;Administra\u00e7\u00e3o&#8221;. <\/li><li>No submenu clique em &#8220;Meus Grupos&#8221;.<\/li><li>Se quiser voc\u00ea pode filtrar os grupos que aparecem na tabela pelos seguintes crit\u00e9rios:.<ol><li>Por Departamento: <ol><li>No campo &#8220;Unidade Acad\u00eamica&#8221; selecione a unidade.<\/li><li>No campo &#8220;Departamento&#8221; selecione o departamento.<\/li><\/ol><\/li><li>Por Ano:<ol><li>No campo &#8220;Ano&#8221; selecione o ano.<\/li><\/ol><\/li><li>Grupos Livres: Os grupos que n\u00e3o s\u00e3o feitos a partir de uma disciplina.<ol><li>Clique em &#8220;Livres&#8221;.<\/li><\/ol><\/li><li>Por nome:<ol><li>No campo &#8220;Busca por Nome&#8221; digite o nome do grupo.<\/li><li>Clique no bot\u00e3o &#8220;Buscar&#8221;.<\/li><\/ol><\/li><\/ol><\/li><li>Na tabela com os grupos clique no bot\u00e3o com as retic\u00eancias.<\/li><li>No campo &#8220;Inserir Membros&#8221; selecione &#8220;Respons\u00e1vel&#8221; ou &#8220;Participante&#8221;. O membro do tipo &#8220;Respons\u00e1vel&#8221; poder\u00e1 alterar os membros dessa lista.<\/li><li>Clique em &#8220;Procurar&#8221;.<\/li><li>Voc\u00ea pode pesquisar pelos seguintes filtros:<ol><li>Matr\u00edcula:<ol><li>No campo &#8220;Matr\u00edcula&#8221; informe o Siape para servidores ou matr\u00edcula para aluno.<\/li><li>Clique no bot\u00e3o &#8220;Pesquisar&#8221;.<\/li><\/ol><\/li><li>Nome:<ol><li>No campo &#8220;Nome&#8221; informe o nome da pessoa.<\/li><li>Clique no bot\u00e3o &#8220;Pesquisar&#8221;.<\/li><\/ol><\/li><li>Departamento:<ol><li>No campo &#8220;Unidade Acad\u00eamica&#8221; selecione a unidade acad\u00eamica.<\/li><li>No campo &#8220;Departamento&#8221; selecione o departamento.<\/li><li>Espere os nomes aparecerem na caixa da esquerda.<\/li><\/ol><\/li><\/ol><\/li><li>Na caixa da esquerda clique na caixinha ao lado de cada nome para selecionar um nome individualmente ou clique na caixinha ao lado de &#8220;Nome&#8221; para selecionar todas as pessoas encontradas na pesquisa.<\/li><li>Clique na seta azul apontando para a direita para levar os nomes selecionados para a caixa &#8220;Nomes Selecionados&#8221;. Essas s\u00e3o as pessoas que ser\u00e3o acrescentadas no grupo de email.<\/li><li>Clique na seta apontando para a esquerda para retirar os nomes da caixa &#8220;Nomes Selecionados&#8221;. A sele\u00e7\u00e3o \u00e9 feita clicando com o bot\u00e3o esquerdo do mouse e segurando-se o bot\u00e3o &#8220;Ctrl&#8221; do teclado pode-se selecionar mais de um nome por vez.<\/li><li>Clique em &#8220;Confirmar&#8221;.<\/li><li>Para adicionar pessoas que n\u00e3o tenham um email @ice clique em &#8220;Convidados Externos&#8221;.<\/li><li>No campo &#8220;Nome&#8221; informe o nome da pessoa.<\/li><li>No campo &#8220;Email&#8221; informe o email da pessoa.<\/li><li>Clique no bot\u00e3o &#8220;Incluir Pessoa&#8221;.<\/li><li>Repita os passos 14 a 16 para cada pessoa que se deseja acrescentar.<\/li><li>Clique em &#8220;Enviar Convites&#8221;. O sistema ir\u00e1 enviar um convite para as pessoas inseridas.<\/li><li>Para remover uma ou mais pessoas seja da tabela &#8220;Listagem de Membros&#8221;, &#8220;Membros Externos&#8221; ou &#8220;Listagem de Respons\u00e1veis&#8221; clique na caixinha ao lado do nome para selecion\u00e1-la.<\/li><li>Clique no bot\u00e3o &#8220;Deletar&#8221;.<\/li><\/ol>\n\n\n\n<p>&nbsp;<\/p>\n\n\n\n<div class=\"h5p-iframe-wrapper\"><iframe id=\"h5p-iframe-15\" class=\"h5p-iframe\" data-content-id=\"15\" style=\"height:1px\" src=\"about:blank\" frameBorder=\"0\" scrolling=\"no\" title=\"Editar Grupo de Email\"><\/iframe><\/div>\n","protected":false},"excerpt":{"rendered":"<p>Logue no INtegra. No menu \u00e0 esquerda clique em &#8220;Administra\u00e7\u00e3o&#8221;. No submenu clique em &#8220;Meus Grupos&#8221;. Se quiser voc\u00ea pode filtrar os grupos que aparecem na tabela pelos seguintes crit\u00e9rios:. Por Departamento: No campo &#8220;Unidade Acad\u00eamica&#8221; selecione a unidade. No campo &#8220;Departamento&#8221; selecione o departamento. Por Ano: No campo &#8220;Ano&#8221; selecione o ano. Grupos Livres: ..<\/p>\n<div class=\"clear-fix\"><\/div>\n<p><a href=\"http:\/\/tutoriais.nrc.ice.ufjf.br\/index.php\/editando-um-grupo-de-email\/\" title=\"read more...\">Read more<\/a><\/p>\n","protected":false},"author":1,"featured_media":0,"parent":0,"menu_order":13,"comment_status":"closed","ping_status":"closed","template":"","meta":{"footnotes":""},"class_list":["post-200","page","type-page","status-publish","hentry"],"_links":{"self":[{"href":"http:\/\/tutoriais.nrc.ice.ufjf.br\/index.php\/wp-json\/wp\/v2\/pages\/200","targetHints":{"allow":["GET"]}}],"collection":[{"href":"http:\/\/tutoriais.nrc.ice.ufjf.br\/index.php\/wp-json\/wp\/v2\/pages"}],"about":[{"href":"http:\/\/tutoriais.nrc.ice.ufjf.br\/index.php\/wp-json\/wp\/v2\/types\/page"}],"author":[{"embeddable":true,"href":"http:\/\/tutoriais.nrc.ice.ufjf.br\/index.php\/wp-json\/wp\/v2\/users\/1"}],"replies":[{"embeddable":true,"href":"http:\/\/tutoriais.nrc.ice.ufjf.br\/index.php\/wp-json\/wp\/v2\/comments?post=200"}],"version-history":[{"count":1,"href":"http:\/\/tutoriais.nrc.ice.ufjf.br\/index.php\/wp-json\/wp\/v2\/pages\/200\/revisions"}],"predecessor-version":[{"id":275,"href":"http:\/\/tutoriais.nrc.ice.ufjf.br\/index.php\/wp-json\/wp\/v2\/pages\/200\/revisions\/275"}],"wp:attachment":[{"href":"http:\/\/tutoriais.nrc.ice.ufjf.br\/index.php\/wp-json\/wp\/v2\/media?parent=200"}],"curies":[{"name":"wp","href":"https:\/\/api.w.org\/{rel}","templated":true}]}}