{"id":208,"date":"2019-01-30T12:02:38","date_gmt":"2019-01-30T12:02:38","guid":{"rendered":"http:\/\/localhost\/wordpress\/?page_id=208"},"modified":"2019-03-01T12:10:45","modified_gmt":"2019-03-01T12:10:45","slug":"apagar-um-grupo-de-email","status":"publish","type":"page","link":"http:\/\/tutoriais.nrc.ice.ufjf.br\/index.php\/apagar-um-grupo-de-email\/","title":{"rendered":"Apagar um Grupo de Email"},"content":{"rendered":"\n<ol class=\"wp-block-list\"><li>Logue no I<strong>N<\/strong>tegra. <\/li><li>No menu \u00e0 esquerda clique em &#8220;Administra\u00e7\u00e3o&#8221;. <\/li><li>No submenu clique em &#8220;Meus Grupos&#8221;.<\/li><li>Se quiser voc\u00ea pode filtrar os grupos que aparecem na tabela pelos seguintes crit\u00e9rios:<ol><li>Por Departamento: <ol><li>No campo &#8220;Unidade Acad\u00eamica&#8221; selecione a unidade.<\/li><li>No campo &#8220;Departamento&#8221; selecione o departamento.<\/li><\/ol><\/li><li>Por Ano:<ol><li>No campo &#8220;Ano&#8221; selecione o ano.<\/li><\/ol><\/li><li>Grupos Livres: Os grupos que n\u00e3o s\u00e3o feitos a partir de uma disciplina.<ol><li>Clique em &#8220;Livres&#8221;.<\/li><\/ol><\/li><li>Por nome:<ol><li>No campo &#8220;Busca por Nome&#8221; digite o nome do grupo.<\/li><li>Clique no bot\u00e3o &#8220;Buscar&#8221;.<\/li><\/ol><\/li><\/ol><\/li><li>Selecione o grupo que se deseja apagar clicando na caixa ao lado esquerdo do nome do grupo.<\/li><li>Clique no bot\u00e3o &#8220;Deletar&#8221;.<\/li><li>Clique no bot\u00e3o &#8220;Sim&#8221;.<\/li><li>Clique no bot\u00e3o &#8220;Ok&#8221;.<\/li><\/ol>\n\n\n\n<p>&nbsp;<\/p>\n\n\n\n<div class=\"h5p-iframe-wrapper\"><iframe id=\"h5p-iframe-16\" class=\"h5p-iframe\" data-content-id=\"16\" style=\"height:1px\" src=\"about:blank\" frameBorder=\"0\" scrolling=\"no\" title=\"Apagar Grupo de Email\"><\/iframe><\/div>\n","protected":false},"excerpt":{"rendered":"<p>Logue no INtegra. No menu \u00e0 esquerda clique em &#8220;Administra\u00e7\u00e3o&#8221;. No submenu clique em &#8220;Meus Grupos&#8221;. Se quiser voc\u00ea pode filtrar os grupos que aparecem na tabela pelos seguintes crit\u00e9rios: Por Departamento: No campo &#8220;Unidade Acad\u00eamica&#8221; selecione a unidade. No campo &#8220;Departamento&#8221; selecione o departamento. Por Ano: No campo &#8220;Ano&#8221; selecione o ano. Grupos Livres: ..<\/p>\n<div class=\"clear-fix\"><\/div>\n<p><a href=\"http:\/\/tutoriais.nrc.ice.ufjf.br\/index.php\/apagar-um-grupo-de-email\/\" title=\"read more...\">Read more<\/a><\/p>\n","protected":false},"author":1,"featured_media":0,"parent":0,"menu_order":15,"comment_status":"closed","ping_status":"closed","template":"","meta":{"footnotes":""},"class_list":["post-208","page","type-page","status-publish","hentry"],"_links":{"self":[{"href":"http:\/\/tutoriais.nrc.ice.ufjf.br\/index.php\/wp-json\/wp\/v2\/pages\/208","targetHints":{"allow":["GET"]}}],"collection":[{"href":"http:\/\/tutoriais.nrc.ice.ufjf.br\/index.php\/wp-json\/wp\/v2\/pages"}],"about":[{"href":"http:\/\/tutoriais.nrc.ice.ufjf.br\/index.php\/wp-json\/wp\/v2\/types\/page"}],"author":[{"embeddable":true,"href":"http:\/\/tutoriais.nrc.ice.ufjf.br\/index.php\/wp-json\/wp\/v2\/users\/1"}],"replies":[{"embeddable":true,"href":"http:\/\/tutoriais.nrc.ice.ufjf.br\/index.php\/wp-json\/wp\/v2\/comments?post=208"}],"version-history":[{"count":2,"href":"http:\/\/tutoriais.nrc.ice.ufjf.br\/index.php\/wp-json\/wp\/v2\/pages\/208\/revisions"}],"predecessor-version":[{"id":295,"href":"http:\/\/tutoriais.nrc.ice.ufjf.br\/index.php\/wp-json\/wp\/v2\/pages\/208\/revisions\/295"}],"wp:attachment":[{"href":"http:\/\/tutoriais.nrc.ice.ufjf.br\/index.php\/wp-json\/wp\/v2\/media?parent=208"}],"curies":[{"name":"wp","href":"https:\/\/api.w.org\/{rel}","templated":true}]}}