{"id":211,"date":"2019-01-30T12:57:17","date_gmt":"2019-01-30T12:57:17","guid":{"rendered":"http:\/\/localhost\/wordpress\/?page_id=211"},"modified":"2019-02-27T13:18:51","modified_gmt":"2019-02-27T13:18:51","slug":"enviar-email-para-o-grupo-de-email","status":"publish","type":"page","link":"http:\/\/tutoriais.nrc.ice.ufjf.br\/index.php\/enviar-email-para-o-grupo-de-email\/","title":{"rendered":"Enviar Email para o Grupo de Email"},"content":{"rendered":"\n<p>Para enviar um email para o grupo basta saber o email do grupo e compor um email comum com o email do grupo no campo &#8220;para&#8221;.<\/p>\n\n\n\n<p>Se voc\u00ea n\u00e3o se lembra do email do grupo siga os seguintes passos:<\/p>\n\n\n\n<ol class=\"wp-block-list\"><li>Logue no I<strong>N<\/strong>tegra. <\/li><li>No menu \u00e0 esquerda clique em &#8220;Administra\u00e7\u00e3o&#8221;. <\/li><li>No submenu clique em &#8220;Meus Grupos&#8221;.<\/li><li>Se quiser voc\u00ea pode filtrar os grupos que aparecem na tabela pelos seguintes crit\u00e9rios:.<ol><li>Por Departamento: <ol><li>No campo &#8220;Unidade Acad\u00eamica&#8221; selecione a unidade.<\/li><li>No campo &#8220;Departamento&#8221; selecione o departamento.<\/li><\/ol><\/li><li>Por Ano:<ol><li>No campo &#8220;Ano&#8221; selecione o ano.<\/li><\/ol><\/li><li>Grupos Livres: Os grupos que n\u00e3o s\u00e3o feitos a partir de uma disciplina.<ol><li>Clique em &#8220;Livres&#8221;.<\/li><\/ol><\/li><li>Por nome:<ol><li>No campo &#8220;Busca por Nome&#8221; digite o nome do grupo.<\/li><li>Clique no bot\u00e3o &#8220;Buscar&#8221;.<\/li><\/ol><\/li><\/ol><\/li><li>Na tabela com os grupos clique no bot\u00e3o com as retic\u00eancias.<\/li><li>O endere\u00e7o do email vai estar na parte superior da p\u00e1gina.<\/li><\/ol>\n\n\n\n<p>Alternativamente voc\u00ea pode seguir os passos do 1 ao 5 acima e selecionar um ou mais grupos clicando na caixinha \u00e0 esquerda do nome do grupo e clicar no bot\u00e3o &#8220;Enviar Email&#8221;.  O sistema vai abrir uma nova janela com o uma nova composi\u00e7\u00e3o de email com os endere\u00e7os dos grupos selecionados.<\/p>\n\n\n\n<p>&nbsp;<\/p>\n\n\n\n<div class=\"h5p-iframe-wrapper\"><iframe id=\"h5p-iframe-17\" class=\"h5p-iframe\" data-content-id=\"17\" style=\"height:1px\" src=\"about:blank\" frameBorder=\"0\" scrolling=\"no\" title=\"Enviar Email para um Grupo\"><\/iframe><\/div>\n","protected":false},"excerpt":{"rendered":"<p>Para enviar um email para o grupo basta saber o email do grupo e compor um email comum com o email do grupo no campo &#8220;para&#8221;. Se voc\u00ea n\u00e3o se lembra do email do grupo siga os seguintes passos: Logue no INtegra. No menu \u00e0 esquerda clique em &#8220;Administra\u00e7\u00e3o&#8221;. No submenu clique em &#8220;Meus Grupos&#8221;. ..<\/p>\n<div class=\"clear-fix\"><\/div>\n<p><a href=\"http:\/\/tutoriais.nrc.ice.ufjf.br\/index.php\/enviar-email-para-o-grupo-de-email\/\" title=\"read more...\">Read more<\/a><\/p>\n","protected":false},"author":1,"featured_media":0,"parent":0,"menu_order":14,"comment_status":"closed","ping_status":"closed","template":"","meta":{"footnotes":""},"class_list":["post-211","page","type-page","status-publish","hentry"],"_links":{"self":[{"href":"http:\/\/tutoriais.nrc.ice.ufjf.br\/index.php\/wp-json\/wp\/v2\/pages\/211","targetHints":{"allow":["GET"]}}],"collection":[{"href":"http:\/\/tutoriais.nrc.ice.ufjf.br\/index.php\/wp-json\/wp\/v2\/pages"}],"about":[{"href":"http:\/\/tutoriais.nrc.ice.ufjf.br\/index.php\/wp-json\/wp\/v2\/types\/page"}],"author":[{"embeddable":true,"href":"http:\/\/tutoriais.nrc.ice.ufjf.br\/index.php\/wp-json\/wp\/v2\/users\/1"}],"replies":[{"embeddable":true,"href":"http:\/\/tutoriais.nrc.ice.ufjf.br\/index.php\/wp-json\/wp\/v2\/comments?post=211"}],"version-history":[{"count":1,"href":"http:\/\/tutoriais.nrc.ice.ufjf.br\/index.php\/wp-json\/wp\/v2\/pages\/211\/revisions"}],"predecessor-version":[{"id":276,"href":"http:\/\/tutoriais.nrc.ice.ufjf.br\/index.php\/wp-json\/wp\/v2\/pages\/211\/revisions\/276"}],"wp:attachment":[{"href":"http:\/\/tutoriais.nrc.ice.ufjf.br\/index.php\/wp-json\/wp\/v2\/media?parent=211"}],"curies":[{"name":"wp","href":"https:\/\/api.w.org\/{rel}","templated":true}]}}