{"id":233,"date":"2019-01-31T10:58:50","date_gmt":"2019-01-31T10:58:50","guid":{"rendered":"http:\/\/localhost\/wordpress\/?page_id=233"},"modified":"2019-02-27T13:29:57","modified_gmt":"2019-02-27T13:29:57","slug":"pesquisar-horario","status":"publish","type":"page","link":"http:\/\/tutoriais.nrc.ice.ufjf.br\/index.php\/pesquisar-horario\/","title":{"rendered":"Pesquisar Hor\u00e1rio"},"content":{"rendered":"\n<ol class=\"wp-block-list\"><li>Logue no I<strong>N<\/strong>tegra.<\/li><li>No menu \u00e0 esquerda clique em &#8220;Hor\u00e1rio&#8221;.<\/li><li>No submenu clique em &#8220;Pesquisa Hor\u00e1rio&#8221;.<\/li><li>Para fazer a pesquisa por hor\u00e1rio voc\u00ea pode usar tr\u00eas filtros mais a pesquisa avan\u00e7ada:<ol><li>Por Turma:<ol><li>No campo &#8220;Pesquisar pot Turma&#8221; escolha a turma<\/li><li>Espere a tabela ser preenhida.<\/li><\/ol><\/li><li>Por Professor:<ol><li>No campo &#8220;Por favor insira o n\u00famero do SIAPE&#8221; informe o n\u00famero do SIAPE do professor.<\/li><li>Clique no bot\u00e3o &#8220;Pesquisar&#8221; ao lado do campo &#8220;Por favor insira o n\u00famero do SIAPE&#8221;.<\/li><\/ol><\/li><li>Por Aluno:<ol><li>No campo &#8220;Por favor insira o n\u00famero de matr\u00edcula&#8221; informe o n\u00famero de matr\u00edcula do aluno.<\/li><li>Clique no bot\u00e3o &#8220;Pesquisar&#8221; ao lado do campo &#8220;Por favor insira o n\u00famero de matr\u00edcula&#8221;.<\/li><\/ol><\/li><li>Pesquisa Avan\u00e7ada:<ol><li>Clique no bot\u00e3o &#8220;Pesquisa Avan\u00e7ada&#8221;.<\/li><li>Voc\u00ea pode usar tr\u00eas filtros:<ol><li>Por Matr\u00edcula:<ol><li>No campo &#8220;Matr\u00edcula&#8221; informe o SIAPE ou a matr\u00edcula da pessoa que se deseja pesquisar.<\/li><li>Clique no bot\u00e3o &#8220;Pesquisar&#8221;.<\/li><\/ol><\/li><li>Por Nome:<ol><li>No campo &#8220;Nome&#8221; informe o nome da pessoa que se deseja pesquisar.<\/li><li>Clique no bot\u00e3o &#8220;Pesquisar&#8221;.<\/li><\/ol><\/li><li>Por Departamento:<ol><li>No campo &#8220;Unidade Acad\u00eamica&#8221; selecione a unidade acad\u00eamica.<\/li><li>No campo &#8220;Departamento&#8221; selecione o departamento.<\/li><li>Espere a caixa \u00e0 esquerda carregar.<\/li><\/ol><\/li><\/ol><\/li><\/ol><\/li><li>Havendo nomes que se deseja pesquisar na caixa \u00e0 esquerda selecione o nome clicando na caixinha na coluna \u00e0 esquerda do nome ou selecione todos os nomes clicando na caixinha na coluna \u00e0 esquerda de &#8220;Nome&#8221;.<\/li><li>Clique no bot\u00e3o com seta azul que aponta para a direita.<\/li><li>Repita os passos 4 a 6 at\u00e9 ter todos os nomes desejados.<\/li><li>Se desejar retirar nomes da pesquisa selecione o nome na caixa \u00e0 direita e clique no bot\u00e3o com seta azul que aponta para a esquerda.<\/li><li>Estando a lista de nomes conforme o desejado clique no bot\u00e3o &#8220;Confirmar&#8221;.<\/li><\/ol><\/li><\/ol>\n\n\n\n<p>&nbsp;<\/p>\n\n\n\n<div class=\"h5p-iframe-wrapper\"><iframe id=\"h5p-iframe-18\" class=\"h5p-iframe\" data-content-id=\"18\" style=\"height:1px\" src=\"about:blank\" frameBorder=\"0\" scrolling=\"no\" title=\"Pesquisa de Hor\u00e1rio\"><\/iframe><\/div>\n","protected":false},"excerpt":{"rendered":"<p>Logue no INtegra. No menu \u00e0 esquerda clique em &#8220;Hor\u00e1rio&#8221;. No submenu clique em &#8220;Pesquisa Hor\u00e1rio&#8221;. Para fazer a pesquisa por hor\u00e1rio voc\u00ea pode usar tr\u00eas filtros mais a pesquisa avan\u00e7ada: Por Turma: No campo &#8220;Pesquisar pot Turma&#8221; escolha a turma Espere a tabela ser preenhida. Por Professor: No campo &#8220;Por favor insira o n\u00famero ..<\/p>\n<div class=\"clear-fix\"><\/div>\n<p><a href=\"http:\/\/tutoriais.nrc.ice.ufjf.br\/index.php\/pesquisar-horario\/\" title=\"read more...\">Read more<\/a><\/p>\n","protected":false},"author":1,"featured_media":0,"parent":0,"menu_order":16,"comment_status":"closed","ping_status":"closed","template":"","meta":{"footnotes":""},"class_list":["post-233","page","type-page","status-publish","hentry"],"_links":{"self":[{"href":"http:\/\/tutoriais.nrc.ice.ufjf.br\/index.php\/wp-json\/wp\/v2\/pages\/233","targetHints":{"allow":["GET"]}}],"collection":[{"href":"http:\/\/tutoriais.nrc.ice.ufjf.br\/index.php\/wp-json\/wp\/v2\/pages"}],"about":[{"href":"http:\/\/tutoriais.nrc.ice.ufjf.br\/index.php\/wp-json\/wp\/v2\/types\/page"}],"author":[{"embeddable":true,"href":"http:\/\/tutoriais.nrc.ice.ufjf.br\/index.php\/wp-json\/wp\/v2\/users\/1"}],"replies":[{"embeddable":true,"href":"http:\/\/tutoriais.nrc.ice.ufjf.br\/index.php\/wp-json\/wp\/v2\/comments?post=233"}],"version-history":[{"count":1,"href":"http:\/\/tutoriais.nrc.ice.ufjf.br\/index.php\/wp-json\/wp\/v2\/pages\/233\/revisions"}],"predecessor-version":[{"id":284,"href":"http:\/\/tutoriais.nrc.ice.ufjf.br\/index.php\/wp-json\/wp\/v2\/pages\/233\/revisions\/284"}],"wp:attachment":[{"href":"http:\/\/tutoriais.nrc.ice.ufjf.br\/index.php\/wp-json\/wp\/v2\/media?parent=233"}],"curies":[{"name":"wp","href":"https:\/\/api.w.org\/{rel}","templated":true}]}}