{"id":245,"date":"2019-01-31T11:49:13","date_gmt":"2019-01-31T11:49:13","guid":{"rendered":"http:\/\/localhost\/wordpress\/?page_id=245"},"modified":"2019-02-27T13:29:29","modified_gmt":"2019-02-27T13:29:29","slug":"matriz-curricular","status":"publish","type":"page","link":"http:\/\/tutoriais.nrc.ice.ufjf.br\/index.php\/matriz-curricular\/","title":{"rendered":"Matriz Curricular"},"content":{"rendered":"\n<p>A Matriz Curricular mostra diversas informa\u00e7\u00f5es sobre o seu curr\u00edculo: IRA, Cr\u00e9ditos Conclu\u00eddos, Disciplinas Obrigat\u00f3rias, Disciplinas Eletivas, Disciplinas de Licenciatura, Disciplinas de Bacharelado, quais disciplinas voc\u00ea j\u00e1 concluiu, quais ainda faltam concluir, etc.<\/p>\n\n\n\n<p>Para acessar sua Matriz Curricular siga os seguintes passos:<\/p>\n\n\n\n<ol class=\"wp-block-list\"><li>Logue no I<strong>N<\/strong>tegra.<\/li><li>No menu \u00e0 esquerda clique em &#8220;Hor\u00e1rio&#8221;.<\/li><li>No submenu clique em &#8220;Matriz Curricular&#8221;.<\/li><li>Selecione um Hist\u00f3rico.<\/li><li>Clique no bot\u00e3o &#8220;Visualizar >>&#8221;.<\/li><\/ol>\n\n\n\n&nbsp;\n\n\n\n<div class=\"h5p-iframe-wrapper\"><iframe id=\"h5p-iframe-19\" class=\"h5p-iframe\" data-content-id=\"19\" style=\"height:1px\" src=\"about:blank\" frameBorder=\"0\" scrolling=\"no\" title=\"Matriz Curricular\"><\/iframe><\/div>\n","protected":false},"excerpt":{"rendered":"<p>A Matriz Curricular mostra diversas informa\u00e7\u00f5es sobre o seu curr\u00edculo: IRA, Cr\u00e9ditos Conclu\u00eddos, Disciplinas Obrigat\u00f3rias, Disciplinas Eletivas, Disciplinas de Licenciatura, Disciplinas de Bacharelado, quais disciplinas voc\u00ea j\u00e1 concluiu, quais ainda faltam concluir, etc. Para acessar sua Matriz Curricular siga os seguintes passos: Logue no INtegra. No menu \u00e0 esquerda clique em &#8220;Hor\u00e1rio&#8221;. No submenu clique ..<\/p>\n<div class=\"clear-fix\"><\/div>\n<p><a href=\"http:\/\/tutoriais.nrc.ice.ufjf.br\/index.php\/matriz-curricular\/\" title=\"read more...\">Read more<\/a><\/p>\n","protected":false},"author":1,"featured_media":0,"parent":0,"menu_order":18,"comment_status":"closed","ping_status":"closed","template":"","meta":{"footnotes":""},"class_list":["post-245","page","type-page","status-publish","hentry"],"_links":{"self":[{"href":"http:\/\/tutoriais.nrc.ice.ufjf.br\/index.php\/wp-json\/wp\/v2\/pages\/245","targetHints":{"allow":["GET"]}}],"collection":[{"href":"http:\/\/tutoriais.nrc.ice.ufjf.br\/index.php\/wp-json\/wp\/v2\/pages"}],"about":[{"href":"http:\/\/tutoriais.nrc.ice.ufjf.br\/index.php\/wp-json\/wp\/v2\/types\/page"}],"author":[{"embeddable":true,"href":"http:\/\/tutoriais.nrc.ice.ufjf.br\/index.php\/wp-json\/wp\/v2\/users\/1"}],"replies":[{"embeddable":true,"href":"http:\/\/tutoriais.nrc.ice.ufjf.br\/index.php\/wp-json\/wp\/v2\/comments?post=245"}],"version-history":[{"count":1,"href":"http:\/\/tutoriais.nrc.ice.ufjf.br\/index.php\/wp-json\/wp\/v2\/pages\/245\/revisions"}],"predecessor-version":[{"id":283,"href":"http:\/\/tutoriais.nrc.ice.ufjf.br\/index.php\/wp-json\/wp\/v2\/pages\/245\/revisions\/283"}],"wp:attachment":[{"href":"http:\/\/tutoriais.nrc.ice.ufjf.br\/index.php\/wp-json\/wp\/v2\/media?parent=245"}],"curies":[{"name":"wp","href":"https:\/\/api.w.org\/{rel}","templated":true}]}}