{"id":287,"date":"2019-02-28T17:00:59","date_gmt":"2019-02-28T17:00:59","guid":{"rendered":"http:\/\/tutoriais.nrc.ice.ufjf.br\/?page_id=287"},"modified":"2021-03-15T17:50:09","modified_gmt":"2021-03-15T17:50:09","slug":"criar-uma-eleicao","status":"publish","type":"page","link":"http:\/\/tutoriais.nrc.ice.ufjf.br\/index.php\/criar-uma-eleicao\/","title":{"rendered":"Criar uma Elei\u00e7\u00e3o"},"content":{"rendered":"\n<ol class=\"wp-block-list\"><li>Logue no I<strong>N<\/strong>tegra.<\/li><li>Clique em &#8220;Criar Vota\u00e7\u00e3o&#8221;.<\/li><li>No campo &#8220;T\u00edtulo&#8221; digite o t\u00edtulo da Elei\u00e7\u00e3o.<\/li><li>No campo &#8220;Descri\u00e7\u00e3o&#8221; digite uma breve informa\u00e7\u00e3o sobre a Elei\u00e7\u00e3o.<\/li><li>No campo &#8220;Per\u00edodo da Vota\u00e7\u00e3o&#8221; informe as datas e hor\u00e1rios de in\u00edcio e fim do per\u00edodo da vota\u00e7\u00e3o das seguintes maneiras:<ol><li>Digitando diretamente no campo.<\/li><li>Usando o calend\u00e1rio:<ol><li>Selecione a data de in\u00edcio.<\/li><li>Clique na data de in\u00edcio.<\/li><li>Selecione a data de fim.<\/li><li>Clique na data de fim.<\/li><li>Selecione a hora e os minutos de in\u00edcio.<\/li><li>Selecione a hora e os minutos de fim.<\/li><li>Clique no bot\u00e3o &#8220;OK&#8221;.<\/li><\/ol><\/li><\/ol><\/li><li>No campo &#8220;Vota\u00e7\u00e3o Para&#8221; selecione o tipo da elei\u00e7\u00e3o. <\/li><li>Marque o campo &#8220;Voto Igualit\u00e1rio&#8221; se o peso das categorias de eleitores dor o mesmo.<\/li><li>Nos campos &#8220;Peso Professor (%)&#8221;, &#8220;Peso TAE (%)&#8221; e &#8220;Peso Aluno (%)&#8221; informe suas respectivas porcentagens devendo a soma dos tr\u00eas campos ser obrigatoriamente 100%.<\/li><li>Clique no bot\u00e3o &#8220;Avan\u00e7ar&#8221;.<\/li><li>Para cada chapa que se deseja inserir na elei\u00e7\u00e3o siga os seguintes passos:<ol><li>No campo &#8220;Nome&#8221; informe o nome da chapa.<\/li><li>No campo &#8220;Membros&#8221; informe os componentes da chapa.<\/li><li>Clique no bot\u00e3o &#8220;Adicionar&#8221;.<\/li><\/ol><\/li><li>Se algo estiver errado com a chapa ela pode ser removida clicando no &#8220;x&#8221; da linha da chapa na coluna &#8220;Remover&#8221;.<\/li><li>Clique no bot\u00e3o &#8220;Avan\u00e7ar&#8221;.<\/li><li>Quatro tipos de grupos de eleitores podem ser selecionados: Alunos, Professores, TAEs e Avulsos.<\/li><li>Para selecionar Alunos, Professores, TAEs clique na caixa de sele\u00e7\u00e3o correspondente e escolha o grupo.<\/li><li>Caso queira selecionar mais de um grupo de uma determinada categoria clique novamente na caixa de sele\u00e7\u00e3o e escolha o grupo que se quer adicionar.<\/li><li>Caso queira retirar o grupo da sele\u00e7\u00e3o clique no &#8220;x&#8221; no canto superior direito do grupo ou selecione o grupo novamente.<\/li><li>Para selecionar um eleitor do grupo Avulsos clique na caixa de sele\u00e7\u00e3o.<\/li><li>Pesquise pelo nome do Eleitor avulso.  <\/li><li>Quando achar o eleitor desejado clique no nome.<\/li><li>Para selecionar mais eleitores avulsos clique novamente no final da caixa de selec\u00e3o e repita os passos 18 e 19.<\/li><li>Clique no bot\u00e3o &#8220;Avan\u00e7ar&#8221;.<\/li><li>Revise as informa\u00e7\u00f5es da elei\u00e7\u00e3o e caso seja necess\u00e1rio fazer altera\u00e7\u00f5es clique no bot\u00e3o &#8220;Voltar&#8221;.<\/li><li>Se estiver tudo de acordo com o desejado clique em &#8220;Confirmar os dados&#8221;.<\/li><li>A elei\u00e7\u00e3o cadastrada ir\u00e1 aparecer dentro da se\u00e7\u00e3o &#8220;Vota\u00e7\u00f5es Abertas&#8221;.<\/li><li>Enquanto a elei\u00e7\u00e3o n\u00e3o come\u00e7ar \u00e9 poss\u00edvel alterar seus dados e apag\u00e1-la clicando nos respectivos links.<\/li><li>Para avisar os eleitores que a elei\u00e7\u00e3o vai acontecer clique no link &#8220;Enviar emails votantes&#8221;.<\/li><li>Clique no bot\u00e3o &#8220;Sim&#8221;.<br><\/li><\/ol>\n\n\n\n<p><\/p>\n\n\n\n<div class=\"h5p-iframe-wrapper\"><iframe id=\"h5p-iframe-20\" class=\"h5p-iframe\" data-content-id=\"20\" style=\"height:1px\" src=\"about:blank\" frameBorder=\"0\" scrolling=\"no\" title=\"Cria\u00e7\u00e3o de Elei\u00e7\u00e3o\"><\/iframe><\/div>\n","protected":false},"excerpt":{"rendered":"<p>Logue no INtegra. Clique em &#8220;Criar Vota\u00e7\u00e3o&#8221;. No campo &#8220;T\u00edtulo&#8221; digite o t\u00edtulo da Elei\u00e7\u00e3o. No campo &#8220;Descri\u00e7\u00e3o&#8221; digite uma breve informa\u00e7\u00e3o sobre a Elei\u00e7\u00e3o. No campo &#8220;Per\u00edodo da Vota\u00e7\u00e3o&#8221; informe as datas e hor\u00e1rios de in\u00edcio e fim do per\u00edodo da vota\u00e7\u00e3o das seguintes maneiras: Digitando diretamente no campo. Usando o calend\u00e1rio: Selecione a ..<\/p>\n<div class=\"clear-fix\"><\/div>\n<p><a href=\"http:\/\/tutoriais.nrc.ice.ufjf.br\/index.php\/criar-uma-eleicao\/\" title=\"read more...\">Read more<\/a><\/p>\n","protected":false},"author":1,"featured_media":0,"parent":0,"menu_order":0,"comment_status":"closed","ping_status":"closed","template":"","meta":{"footnotes":""},"class_list":["post-287","page","type-page","status-publish","hentry"],"_links":{"self":[{"href":"http:\/\/tutoriais.nrc.ice.ufjf.br\/index.php\/wp-json\/wp\/v2\/pages\/287","targetHints":{"allow":["GET"]}}],"collection":[{"href":"http:\/\/tutoriais.nrc.ice.ufjf.br\/index.php\/wp-json\/wp\/v2\/pages"}],"about":[{"href":"http:\/\/tutoriais.nrc.ice.ufjf.br\/index.php\/wp-json\/wp\/v2\/types\/page"}],"author":[{"embeddable":true,"href":"http:\/\/tutoriais.nrc.ice.ufjf.br\/index.php\/wp-json\/wp\/v2\/users\/1"}],"replies":[{"embeddable":true,"href":"http:\/\/tutoriais.nrc.ice.ufjf.br\/index.php\/wp-json\/wp\/v2\/comments?post=287"}],"version-history":[{"count":19,"href":"http:\/\/tutoriais.nrc.ice.ufjf.br\/index.php\/wp-json\/wp\/v2\/pages\/287\/revisions"}],"predecessor-version":[{"id":420,"href":"http:\/\/tutoriais.nrc.ice.ufjf.br\/index.php\/wp-json\/wp\/v2\/pages\/287\/revisions\/420"}],"wp:attachment":[{"href":"http:\/\/tutoriais.nrc.ice.ufjf.br\/index.php\/wp-json\/wp\/v2\/media?parent=287"}],"curies":[{"name":"wp","href":"https:\/\/api.w.org\/{rel}","templated":true}]}}