{"id":298,"date":"2019-03-01T13:06:23","date_gmt":"2019-03-01T13:06:23","guid":{"rendered":"http:\/\/tutoriais.nrc.ice.ufjf.br\/?page_id=298"},"modified":"2021-03-24T16:41:44","modified_gmt":"2021-03-24T16:41:44","slug":"votar","status":"publish","type":"page","link":"http:\/\/tutoriais.nrc.ice.ufjf.br\/index.php\/votar\/","title":{"rendered":"Votar"},"content":{"rendered":"\n<ol class=\"wp-block-list\"><li>Logue no I<strong>N<\/strong>tegra.<\/li><li>No menu \u00e0 esquerda clique em &#8220;Nova Vota\u00e7\u00e3o&#8221;.<\/li><li>Na se\u00e7\u00e3o &#8220;Vota\u00e7\u00f5es Abertas&#8221; clique em &#8220;Votar&#8221; na elei\u00e7\u00e3o desejada.<\/li><li>Escolha uma das chapas ou as op\u00e7\u00f5es branco ou nulo clicando no respectivo slide.<\/li><li>Confirme o voto clicando no bot\u00e3o &#8220;Sim&#8221;.<\/li><\/ol>\n\n\n<p>&nbsp;<\/p>\n\n\n<div class=\"h5p-iframe-wrapper\"><iframe id=\"h5p-iframe-21\" class=\"h5p-iframe\" data-content-id=\"21\" style=\"height:1px\" src=\"about:blank\" frameBorder=\"0\" scrolling=\"no\" title=\"Votar\"><\/iframe><\/div>\n","protected":false},"excerpt":{"rendered":"<p>Logue no INtegra. No menu \u00e0 esquerda clique em &#8220;Nova Vota\u00e7\u00e3o&#8221;. Na se\u00e7\u00e3o &#8220;Vota\u00e7\u00f5es Abertas&#8221; clique em &#8220;Votar&#8221; na elei\u00e7\u00e3o desejada. Escolha uma das chapas ou as op\u00e7\u00f5es branco ou nulo clicando no respectivo slide. Confirme o voto clicando no bot\u00e3o &#8220;Sim&#038;#822..<\/p>\n<div class=\"clear-fix\"><\/div>\n<p><a href=\"http:\/\/tutoriais.nrc.ice.ufjf.br\/index.php\/votar\/\" title=\"read more...\">Read more<\/a><\/p>\n","protected":false},"author":1,"featured_media":0,"parent":0,"menu_order":0,"comment_status":"closed","ping_status":"closed","template":"","meta":{"footnotes":""},"class_list":["post-298","page","type-page","status-publish","hentry"],"_links":{"self":[{"href":"http:\/\/tutoriais.nrc.ice.ufjf.br\/index.php\/wp-json\/wp\/v2\/pages\/298","targetHints":{"allow":["GET"]}}],"collection":[{"href":"http:\/\/tutoriais.nrc.ice.ufjf.br\/index.php\/wp-json\/wp\/v2\/pages"}],"about":[{"href":"http:\/\/tutoriais.nrc.ice.ufjf.br\/index.php\/wp-json\/wp\/v2\/types\/page"}],"author":[{"embeddable":true,"href":"http:\/\/tutoriais.nrc.ice.ufjf.br\/index.php\/wp-json\/wp\/v2\/users\/1"}],"replies":[{"embeddable":true,"href":"http:\/\/tutoriais.nrc.ice.ufjf.br\/index.php\/wp-json\/wp\/v2\/comments?post=298"}],"version-history":[{"count":4,"href":"http:\/\/tutoriais.nrc.ice.ufjf.br\/index.php\/wp-json\/wp\/v2\/pages\/298\/revisions"}],"predecessor-version":[{"id":423,"href":"http:\/\/tutoriais.nrc.ice.ufjf.br\/index.php\/wp-json\/wp\/v2\/pages\/298\/revisions\/423"}],"wp:attachment":[{"href":"http:\/\/tutoriais.nrc.ice.ufjf.br\/index.php\/wp-json\/wp\/v2\/media?parent=298"}],"curies":[{"name":"wp","href":"https:\/\/api.w.org\/{rel}","templated":true}]}}