{"id":315,"date":"2019-06-12T13:52:44","date_gmt":"2019-06-12T13:52:44","guid":{"rendered":"http:\/\/tutoriais.nrc.ice.ufjf.br\/?page_id=315"},"modified":"2021-10-12T02:00:49","modified_gmt":"2021-10-12T02:00:49","slug":"criar-divulgacao","status":"publish","type":"page","link":"http:\/\/tutoriais.nrc.ice.ufjf.br\/index.php\/criar-divulgacao\/","title":{"rendered":"Criar Divulga\u00e7\u00e3o"},"content":{"rendered":"\n<ol class=\"wp-block-list\"><li>Logue no I<strong>N<\/strong>tegra.<\/li><li>No menu \u00e0 esquerda clique em &#8220;Divulga\u00e7\u00e3o&#8221;.<\/li><li>Clique no bot\u00e3o &#8220;Criar Divulga\u00e7\u00e3o&#8221;.<\/li><li>Nas op\u00e7\u00f5es selecione o tipo de divulga\u00e7\u00e3o:<ol><li>Bolsas:<ol><li>No campo &#8220;Per\u00edodo da Divulga\u00e7\u00e3o&#8221; informe o per\u00edodo de in\u00edcio e fim da divulga\u00e7\u00e3o.<\/li><li>No campo &#8220;por email&#8221; deixe a op\u00e7\u00e3o selecionada.<\/li><li>No campo &#8220;Assunto do Email&#8221; informe o assunto do email.<\/li><li>No campo &#8220;Nome do Projeto&#8221; informe o nome do projeto.<\/li><li>No campo &#8220;Pr\u00e9-requisito&#8221; informe o pr\u00e9-requisito.<\/li><li>No campo &#8220;Datas Importantes&#8221; informe as datas importantes da bolsa.<\/li><li>No campo &#8220;N\u00famero de Vagas&#8221; informe o n\u00famero da vagas da bolsa.<\/li><li>No campo &#8220;Informa\u00e7\u00f5es Adicionais&#8221;  informe o conte\u00fado adicional que for pertinente.<\/li><li>Se quiser anexar um arquivo:<ol><li>Clique no bot\u00e3o &#8220;Procurar&#8230;&#8221;.<\/li><li>Selecione o arquivo.<\/li><li>Clique no bot\u00e3o &#8220;abrir&#8221;.<\/li><\/ol><\/li><\/ol><\/li><li>Palestras:<ol><li>No campo &#8220;Per\u00edodo da Divulga\u00e7\u00e3o&#8221; informe o per\u00edodo de in\u00edcio e fim da divulga\u00e7\u00e3o.<\/li><li>No campo &#8220;por email&#8221; deixe a op\u00e7\u00e3o selecionada.<\/li><li>No campo &#8220;Assunto do Email&#8221; informe o assunto do email.<\/li><li>No campo &#8220;Tema&#8221; informe o tema da palestra.<\/li><li>No campo &#8220;Palestrante&#8221; informe o tema da palestra.<\/li><li>No campo &#8220;Local&#8221; informe o local da palestra.<\/li><li>No campo &#8220;Data e Hora&#8221; informe a data e hora da palestra.<\/li><li>No campo &#8220;Informa\u00e7\u00f5es Adicionais&#8221;  informe o conte\u00fado adicional que for pertinente.<\/li><li>Se quiser anexar um arquivo:<ol><li>Clique no bot\u00e3o &#8220;Procurar&#8230;&#8221;.<\/li><li>Selecione o arquivo.<\/li><li>Clique no bot\u00e3o &#8220;abrir&#8221;.<\/li><\/ol><\/li><\/ol><\/li><li>Defesas:<ol><li>No campo &#8220;Per\u00edodo da Divulga\u00e7\u00e3o&#8221; informe o per\u00edodo de in\u00edcio e fim da divulga\u00e7\u00e3o.<\/li><li>No campo &#8220;por email&#8221; deixe a op\u00e7\u00e3o selecionada.<\/li><li>No campo &#8220;Assunto do Email&#8221; informe o assunto do email.<\/li><li>No campo &#8220;T\u00edtulo&#8221; informe o t\u00edtulo da Defesa.<\/li><li>No campo &#8220;Aluno&#8221; informe o nome do aluno que apresentar\u00e1 a defesa.<\/li><li>No campo &#8220;Orientador&#8221; informe o nome do orientador.<\/li><li>No campo &#8220;Local&#8221; informe o local da palestra.<\/li><li>No campo &#8220;Data e Hora&#8221; informe a data e hora da palestra.<\/li><li>No campo &#8220;Informa\u00e7\u00f5es Adicionais&#8221;  informe o conte\u00fado adicional que for pertinente.<\/li><li>Se quiser anexar um arquivo:<ol><li>Clique no bot\u00e3o &#8220;Procurar&#8230;&#8221;.<\/li><li>Selecione o arquivo.<\/li><li>Clique no bot\u00e3o &#8220;abrir&#8221;.<\/li><\/ol><\/li><\/ol><\/li><li>An\u00fancios:<ol><li>No campo &#8220;Per\u00edodo da Divulga\u00e7\u00e3o&#8221; informe o per\u00edodo de in\u00edcio e fim da divulga\u00e7\u00e3o.<\/li><li>No campo &#8220;por email&#8221; deixe a op\u00e7\u00e3o selecionada.<\/li><li>No campo &#8220;Assunto do Email&#8221; informe o assunto do email.<\/li><li>No campo &#8220;Descri\u00e7\u00e3o&#8221; informe a descri\u00e7\u00e3o do aviso.<\/li><li>No campo &#8220;Informa\u00e7\u00f5es Adicionais&#8221;  informe o conte\u00fado adicional que for pertinente.<\/li><li>Se quiser anexar um arquivo:<ol><li>Clique no bot\u00e3o &#8220;Procurar&#8230;&#8221;.<\/li><li>Selecione o arquivo.<\/li><li>Clique no bot\u00e3o &#8220;abrir&#8221;.<\/li><\/ol><\/li><\/ol><\/li><li>Elei\u00e7\u00e3o:<ol><li>No campo &#8220;Per\u00edodo da Divulga\u00e7\u00e3o&#8221; informe o per\u00edodo de in\u00edcio e fim da divulga\u00e7\u00e3o.<\/li><li>No campo &#8220;por email&#8221; deixe a op\u00e7\u00e3o selecionada.<\/li><li>No campo &#8220;Assunto do Email&#8221; informe o assunto do email.<\/li><li>No campo &#8220;Chapas&#8221; informe as chapas participantes.<\/li><li>No campo &#8220;Per\u00edodo da vota\u00e7\u00e3o&#8221; informe o per\u00edodo da vota\u00e7\u00e3o.<\/li><li>No campo &#8220;Informa\u00e7\u00f5es Adicionais&#8221;  informe o conte\u00fado adicional que for pertinente.<\/li><li>Se quiser anexar um arquivo:<ol><li>Clique no bot\u00e3o&#8221;Procurar&#8230;&#8221;.<\/li><li>Selecione o arquivo.<\/li><li>Clique no bot\u00e3o &#8220;abrir&#8221;.<\/li><\/ol><\/li><\/ol><\/li><\/ol><\/li><li>Clique no bot\u00e3o &#8220;Avan\u00e7ar&#8221;.<\/li><li>Na sele\u00e7\u00e3o de destinat\u00e1rios selecione os grupos de Alunos, Professores ou TAEs que forem o p\u00fablico da divulga\u00e7\u00e3o clicando nos seus respectivos nomes.<\/li><li>Clique no bot\u00e3o &#8220;Avan\u00e7ar&#8221;.<\/li><li>Na etapa de finaliza\u00e7\u00e3o confira as informa\u00e7\u00f5es e se estiverem de acordo com o desejado clique no bot\u00e3o &#8220;Confirmar os dados&#8221; caso contr\u00e1rio clique no bot\u00e3o &#8220;Voltar&#8221; e altere o que for necess\u00e1rio.<\/li><\/ol>\n\n\n\n<p>&nbsp;<\/p>\n\n\n\n<div class=\"h5p-iframe-wrapper\"><iframe id=\"h5p-iframe-24\" class=\"h5p-iframe\" data-content-id=\"24\" style=\"height:1px\" src=\"about:blank\" frameBorder=\"0\" scrolling=\"no\" title=\"Cadastrar Divulga\u00e7\u00e3o\"><\/iframe><\/div>\n","protected":false},"excerpt":{"rendered":"<p>Logue no INtegra. No menu \u00e0 esquerda clique em &#8220;Divulga\u00e7\u00e3o&#8221;. Clique no bot\u00e3o &#8220;Criar Divulga\u00e7\u00e3o&#8221;. Nas op\u00e7\u00f5es selecione o tipo de divulga\u00e7\u00e3o: Bolsas: No campo &#8220;Per\u00edodo da Divulga\u00e7\u00e3o&#8221; informe o per\u00edodo de in\u00edcio e fim da divulga\u00e7\u00e3o. No campo &#8220;por email&#8221; deixe a op\u00e7\u00e3o selecionada. No campo &#8220;Assunto do Email&#8221; informe o assunto do email. ..<\/p>\n<div class=\"clear-fix\"><\/div>\n<p><a href=\"http:\/\/tutoriais.nrc.ice.ufjf.br\/index.php\/criar-divulgacao\/\" title=\"read more...\">Read more<\/a><\/p>\n","protected":false},"author":1,"featured_media":0,"parent":0,"menu_order":0,"comment_status":"closed","ping_status":"closed","template":"","meta":{"footnotes":""},"class_list":["post-315","page","type-page","status-publish","hentry"],"_links":{"self":[{"href":"http:\/\/tutoriais.nrc.ice.ufjf.br\/index.php\/wp-json\/wp\/v2\/pages\/315","targetHints":{"allow":["GET"]}}],"collection":[{"href":"http:\/\/tutoriais.nrc.ice.ufjf.br\/index.php\/wp-json\/wp\/v2\/pages"}],"about":[{"href":"http:\/\/tutoriais.nrc.ice.ufjf.br\/index.php\/wp-json\/wp\/v2\/types\/page"}],"author":[{"embeddable":true,"href":"http:\/\/tutoriais.nrc.ice.ufjf.br\/index.php\/wp-json\/wp\/v2\/users\/1"}],"replies":[{"embeddable":true,"href":"http:\/\/tutoriais.nrc.ice.ufjf.br\/index.php\/wp-json\/wp\/v2\/comments?post=315"}],"version-history":[{"count":16,"href":"http:\/\/tutoriais.nrc.ice.ufjf.br\/index.php\/wp-json\/wp\/v2\/pages\/315\/revisions"}],"predecessor-version":[{"id":437,"href":"http:\/\/tutoriais.nrc.ice.ufjf.br\/index.php\/wp-json\/wp\/v2\/pages\/315\/revisions\/437"}],"wp:attachment":[{"href":"http:\/\/tutoriais.nrc.ice.ufjf.br\/index.php\/wp-json\/wp\/v2\/media?parent=315"}],"curies":[{"name":"wp","href":"https:\/\/api.w.org\/{rel}","templated":true}]}}