{"id":325,"date":"2019-06-12T15:56:50","date_gmt":"2019-06-12T15:56:50","guid":{"rendered":"http:\/\/tutoriais.nrc.ice.ufjf.br\/?page_id=325"},"modified":"2021-10-12T01:33:18","modified_gmt":"2021-10-12T01:33:18","slug":"alterar-divulgacao","status":"publish","type":"page","link":"http:\/\/tutoriais.nrc.ice.ufjf.br\/index.php\/alterar-divulgacao\/","title":{"rendered":"Alterar Divulga\u00e7\u00e3o"},"content":{"rendered":"\n<ol class=\"wp-block-list\"><li>Logue no I<strong>N<\/strong>tegra.<\/li><li>No menu \u00e0 esquerda clique em &#8220;Divulga\u00e7\u00e3o&#8221;.<\/li><li>Na lista de divulga\u00e7\u00f5es cadastradas selecione a op\u00e7\u00e3o &#8220;Alterar&#8221; na caixa de sele\u00e7\u00e3o da coluna &#8220;A\u00e7\u00f5es&#8221;.<\/li><li>Fa\u00e7a as altera\u00e7\u00f5es desejadas e clique no bot\u00e3o &#8220;Avan\u00e7ar&#8221;.<\/li><li>Fa\u00e7a as altera\u00e7\u00f5es nos grupos de destinat\u00e1rios e clique no bot\u00e3o &#8220;Avan\u00e7ar&#8221;.<\/li><li>Confira as informa\u00e7\u00f5es e clique no bot\u00e3o &#8220;Confirmar os dados&#8221;.<\/li><\/ol>\n\n\n\n<p>&nbsp;<\/p>\n\n\n\n<div class=\"h5p-iframe-wrapper\"><iframe id=\"h5p-iframe-25\" class=\"h5p-iframe\" data-content-id=\"25\" style=\"height:1px\" src=\"about:blank\" frameBorder=\"0\" scrolling=\"no\" title=\"Alterar Divulga\u00e7\u00e3o\"><\/iframe><\/div>\n","protected":false},"excerpt":{"rendered":"<p>Logue no INtegra. No menu \u00e0 esquerda clique em &#8220;Divulga\u00e7\u00e3o&#8221;. Na lista de divulga\u00e7\u00f5es cadastradas selecione a op\u00e7\u00e3o &#8220;Alterar&#8221; na caixa de sele\u00e7\u00e3o da coluna &#8220;A\u00e7\u00f5es&#8221;. Fa\u00e7a as altera\u00e7\u00f5es desejadas e clique no bot\u00e3o &#8220;Avan\u00e7ar&#8221;. Fa\u00e7a as altera\u00e7\u00f5es nos grupos de destinat\u00e1rios e clique no bot\u00e3o &#8220;Avan\u00e7ar&#8221;. Confira as informa\u00e7\u00f5es e clique no bot\u00e3o &#8220;Confirmar ..<\/p>\n<div class=\"clear-fix\"><\/div>\n<p><a href=\"http:\/\/tutoriais.nrc.ice.ufjf.br\/index.php\/alterar-divulgacao\/\" title=\"read more...\">Read more<\/a><\/p>\n","protected":false},"author":1,"featured_media":0,"parent":0,"menu_order":0,"comment_status":"closed","ping_status":"closed","template":"","meta":{"footnotes":""},"class_list":["post-325","page","type-page","status-publish","hentry"],"_links":{"self":[{"href":"http:\/\/tutoriais.nrc.ice.ufjf.br\/index.php\/wp-json\/wp\/v2\/pages\/325","targetHints":{"allow":["GET"]}}],"collection":[{"href":"http:\/\/tutoriais.nrc.ice.ufjf.br\/index.php\/wp-json\/wp\/v2\/pages"}],"about":[{"href":"http:\/\/tutoriais.nrc.ice.ufjf.br\/index.php\/wp-json\/wp\/v2\/types\/page"}],"author":[{"embeddable":true,"href":"http:\/\/tutoriais.nrc.ice.ufjf.br\/index.php\/wp-json\/wp\/v2\/users\/1"}],"replies":[{"embeddable":true,"href":"http:\/\/tutoriais.nrc.ice.ufjf.br\/index.php\/wp-json\/wp\/v2\/comments?post=325"}],"version-history":[{"count":8,"href":"http:\/\/tutoriais.nrc.ice.ufjf.br\/index.php\/wp-json\/wp\/v2\/pages\/325\/revisions"}],"predecessor-version":[{"id":432,"href":"http:\/\/tutoriais.nrc.ice.ufjf.br\/index.php\/wp-json\/wp\/v2\/pages\/325\/revisions\/432"}],"wp:attachment":[{"href":"http:\/\/tutoriais.nrc.ice.ufjf.br\/index.php\/wp-json\/wp\/v2\/media?parent=325"}],"curies":[{"name":"wp","href":"https:\/\/api.w.org\/{rel}","templated":true}]}}