{"id":331,"date":"2019-06-17T13:40:00","date_gmt":"2019-06-17T13:40:00","guid":{"rendered":"http:\/\/tutoriais.nrc.ice.ufjf.br\/?page_id=331"},"modified":"2021-10-12T01:50:50","modified_gmt":"2021-10-12T01:50:50","slug":"enviar-divulgacao","status":"publish","type":"page","link":"http:\/\/tutoriais.nrc.ice.ufjf.br\/index.php\/enviar-divulgacao\/","title":{"rendered":"Enviar Divulga\u00e7\u00e3o"},"content":{"rendered":"\n<ol class=\"wp-block-list\"><li>Logue no I<strong>N<\/strong>tegra.<\/li><li>No menu \u00e0 esquerda clique em &#8220;Divulga\u00e7\u00e3o&#8221;.<\/li><li>Na lista de divulga\u00e7\u00f5es cadastradas clique no s\u00edmbolo &#8220;\u25b6&#8221; na coluna &#8220;A\u00e7\u00f5es&#8221;.<\/li><li>No aviso de confirma\u00e7\u00e3o clique &#8220;Sim&#8221;.<\/li><\/ol>\n\n\n\n<p>&nbsp;<\/p>\n\n\n\n<div class=\"h5p-iframe-wrapper\"><iframe id=\"h5p-iframe-26\" class=\"h5p-iframe\" data-content-id=\"26\" style=\"height:1px\" src=\"about:blank\" frameBorder=\"0\" scrolling=\"no\" title=\"Enviar Divulga\u00e7\u00e3o\"><\/iframe><\/div>\n","protected":false},"excerpt":{"rendered":"<p>Logue no INtegra. No menu \u00e0 esquerda clique em &#8220;Divulga\u00e7\u00e3o&#8221;. Na lista de divulga\u00e7\u00f5es cadastradas clique no s\u00edmbolo &#8220;\u25b6&#8221; na coluna &#8220;A\u00e7\u00f5es&#8221;. No aviso de confirma\u00e7\u00e3o clique &#8220;Sim&#038;#822..<\/p>\n<div class=\"clear-fix\"><\/div>\n<p><a href=\"http:\/\/tutoriais.nrc.ice.ufjf.br\/index.php\/enviar-divulgacao\/\" title=\"read more...\">Read more<\/a><\/p>\n","protected":false},"author":1,"featured_media":0,"parent":0,"menu_order":0,"comment_status":"closed","ping_status":"closed","template":"","meta":{"footnotes":""},"class_list":["post-331","page","type-page","status-publish","hentry"],"_links":{"self":[{"href":"http:\/\/tutoriais.nrc.ice.ufjf.br\/index.php\/wp-json\/wp\/v2\/pages\/331","targetHints":{"allow":["GET"]}}],"collection":[{"href":"http:\/\/tutoriais.nrc.ice.ufjf.br\/index.php\/wp-json\/wp\/v2\/pages"}],"about":[{"href":"http:\/\/tutoriais.nrc.ice.ufjf.br\/index.php\/wp-json\/wp\/v2\/types\/page"}],"author":[{"embeddable":true,"href":"http:\/\/tutoriais.nrc.ice.ufjf.br\/index.php\/wp-json\/wp\/v2\/users\/1"}],"replies":[{"embeddable":true,"href":"http:\/\/tutoriais.nrc.ice.ufjf.br\/index.php\/wp-json\/wp\/v2\/comments?post=331"}],"version-history":[{"count":5,"href":"http:\/\/tutoriais.nrc.ice.ufjf.br\/index.php\/wp-json\/wp\/v2\/pages\/331\/revisions"}],"predecessor-version":[{"id":434,"href":"http:\/\/tutoriais.nrc.ice.ufjf.br\/index.php\/wp-json\/wp\/v2\/pages\/331\/revisions\/434"}],"wp:attachment":[{"href":"http:\/\/tutoriais.nrc.ice.ufjf.br\/index.php\/wp-json\/wp\/v2\/media?parent=331"}],"curies":[{"name":"wp","href":"https:\/\/api.w.org\/{rel}","templated":true}]}}