{"id":353,"date":"2019-10-11T16:12:32","date_gmt":"2019-10-11T16:12:32","guid":{"rendered":"http:\/\/tutoriais.nrc.ice.ufjf.br\/?page_id=353"},"modified":"2019-10-11T16:12:32","modified_gmt":"2019-10-11T16:12:32","slug":"certificado-de-palestrante","status":"publish","type":"page","link":"http:\/\/tutoriais.nrc.ice.ufjf.br\/index.php\/certificado-de-palestrante\/","title":{"rendered":"Certificado de Palestrante"},"content":{"rendered":"<h3>Gerar Certificado para o Palestrante<\/h3>\n<ol>\n<li>Logue no I<strong>N<\/strong>tegra.<\/li>\n<li>No menu \u00e0 esquerda clique em &#8220;Eventos&#8221;.<\/li>\n<li>No submenu clique em &#8220;Administra\u00e7\u00e3o&#8221;.<\/li>\n<li>No &#8220;Painel Administrativo &#8211; Eventos&#8221; clique em &#8220;Gera\u00e7\u00e3o de certificado para Palestrante&#8221;.<\/li>\n<li>Selecione o Evento.<\/li>\n<li>Selecione a Atividade desejada.<\/li>\n<li>Clique no bot\u00e3o &#8220;Exibir&#8221;.<\/li>\n<li>Na linha da atividade escolhida clique no bot\u00e3o &#8220;Gerar&#8221;.<\/li>\n<li>Salve e\/ou imprima o certificado.<\/li>\n<\/ol>\n<p>&nbsp;<br \/>\n<div class=\"h5p-iframe-wrapper\"><iframe id=\"h5p-iframe-29\" class=\"h5p-iframe\" data-content-id=\"29\" style=\"height:1px\" src=\"about:blank\" frameBorder=\"0\" scrolling=\"no\" title=\"Gerar Certificado para Palestrante\"><\/iframe><\/div><\/p>\n<h3>Pegar Certificado como Palestrante<\/h3>\n<ol>\n<li>Acesse a tela de login do I<strong>N<\/strong>tegra.<\/li>\n<li>No canto superior&nbsp;direito clique em &#8220;Eventos&#8221;.<\/li>\n<li>Na pr\u00f3xima p\u00e1gina clique&nbsp;em &#8220;Certificado para Palestrantes&#8221;.<\/li>\n<li>No campo &#8220;CPF&#8221; digite seu CPF.<\/li>\n<li>Clique em &#8220;OK&#8221;.<\/li>\n<li>Selecione o Evento.<\/li>\n<li>Na linha da atividade escolhida clique no bot\u00e3o &#8220;Gerar&#8221;<\/li>\n<li>Salve e\/ou imprima o certificado.<\/li>\n<\/ol>\n<p>&nbsp;<br \/>\n<div class=\"h5p-iframe-wrapper\"><iframe id=\"h5p-iframe-30\" class=\"h5p-iframe\" data-content-id=\"30\" style=\"height:1px\" src=\"about:blank\" frameBorder=\"0\" scrolling=\"no\" title=\"Certificado como Palestrante\"><\/iframe><\/div><\/p>\n","protected":false},"excerpt":{"rendered":"<p>Gerar Certificado para o Palestrante Logue no INtegra. No menu \u00e0 esquerda clique em &#8220;Eventos&#8221;. No submenu clique em &#8220;Administra\u00e7\u00e3o&#8221;. No &#8220;Painel Administrativo &#8211; Eventos&#8221; clique em &#8220;Gera\u00e7\u00e3o de certificado para Palestrante&#8221;. Selecione o Evento. Selecione a Atividade desejada. Clique no bot\u00e3o &#8220;Exibir&#8221;. Na linha da atividade escolhida clique no bot\u00e3o &#8220;Gerar&#8221;. Salve e\/ou imprima ..<\/p>\n<div class=\"clear-fix\"><\/div>\n<p><a href=\"http:\/\/tutoriais.nrc.ice.ufjf.br\/index.php\/certificado-de-palestrante\/\" title=\"read more...\">Read more<\/a><\/p>\n","protected":false},"author":1,"featured_media":0,"parent":0,"menu_order":0,"comment_status":"closed","ping_status":"closed","template":"","meta":{"footnotes":""},"class_list":["post-353","page","type-page","status-publish","hentry"],"_links":{"self":[{"href":"http:\/\/tutoriais.nrc.ice.ufjf.br\/index.php\/wp-json\/wp\/v2\/pages\/353","targetHints":{"allow":["GET"]}}],"collection":[{"href":"http:\/\/tutoriais.nrc.ice.ufjf.br\/index.php\/wp-json\/wp\/v2\/pages"}],"about":[{"href":"http:\/\/tutoriais.nrc.ice.ufjf.br\/index.php\/wp-json\/wp\/v2\/types\/page"}],"author":[{"embeddable":true,"href":"http:\/\/tutoriais.nrc.ice.ufjf.br\/index.php\/wp-json\/wp\/v2\/users\/1"}],"replies":[{"embeddable":true,"href":"http:\/\/tutoriais.nrc.ice.ufjf.br\/index.php\/wp-json\/wp\/v2\/comments?post=353"}],"version-history":[{"count":3,"href":"http:\/\/tutoriais.nrc.ice.ufjf.br\/index.php\/wp-json\/wp\/v2\/pages\/353\/revisions"}],"predecessor-version":[{"id":356,"href":"http:\/\/tutoriais.nrc.ice.ufjf.br\/index.php\/wp-json\/wp\/v2\/pages\/353\/revisions\/356"}],"wp:attachment":[{"href":"http:\/\/tutoriais.nrc.ice.ufjf.br\/index.php\/wp-json\/wp\/v2\/media?parent=353"}],"curies":[{"name":"wp","href":"https:\/\/api.w.org\/{rel}","templated":true}]}}