{"id":360,"date":"2019-10-14T13:21:40","date_gmt":"2019-10-14T13:21:40","guid":{"rendered":"http:\/\/tutoriais.nrc.ice.ufjf.br\/?page_id=360"},"modified":"2019-10-14T14:41:26","modified_gmt":"2019-10-14T14:41:26","slug":"criar-evento","status":"publish","type":"page","link":"http:\/\/tutoriais.nrc.ice.ufjf.br\/index.php\/criar-evento\/","title":{"rendered":"Criar Evento"},"content":{"rendered":"<ol>\n<li>Logue no I<strong>N<\/strong>tegra.<\/li>\n<li>No menu \u00e0 esquerda clique em &#8220;Eventos&#8221;.<\/li>\n<li>No submenu clique em &#8220;Administra\u00e7\u00e3o&#8221;.<\/li>\n<li>No &#8220;Painel Administrativo &#8211; Eventos&#8221; clique em &#8220;Cadastro de Atividades e afins.&#8221;.<\/li>\n<li>No &#8220;Painel de Cadastro &#8211; Eventos&#8221; clique em &#8220;Evento&#8221;.<\/li>\n<li>Na parte de baixo da p\u00e1gina clique no bot\u00e3o &#8220;Novo&#8221;.<\/li>\n<li>No campo &#8220;Nome&#8221; digite o nome do evento.<\/li>\n<li>No campo &#8220;Descri\u00e7\u00e3o&#8221; digite a descri\u00e7\u00e3o do evento.<\/li>\n<li>No campo &#8220;Site&#8221; digite o site do evento.<\/li>\n<li>No campo &#8220;Respons\u00e1vel&#8221; se voc\u00ea n\u00e3o for o respons\u00e1vel pelo evento clique no bot\u00e3o &#8220;Buscar&#8221;.\n<ol>\n<li>No Painel &#8220;busca de usu\u00e1rios&#8221; preencha os filtros que desejar e clique em &#8220;Pesquisar&#8221;.<\/li>\n<li>Selecione a pessoa desejada e clique em &#8220;Confirmar&#8221;.<\/li>\n<\/ol>\n<\/li>\n<li>No campo &#8220;Email Respons\u00e1vel&#8221; digite o email do respons\u00e1vel pelo evento.<\/li>\n<li>No campo &#8220;Certificado&#8221; se quiser alterar o modelo ou preencher as assinaturas e fun\u00e7\u00f5es clique no bot\u00e3o &#8220;Editar&#8221;.\n<ol>\n<li>No campo &#8220;Certificado&#8221; selecione o modelo desejado.<\/li>\n<li>No campo Assinatura1 selecione de quem ser\u00e1 a assinatura a aparecer no certificado.<\/li>\n<li>No campo &#8220;Fun\u00e7\u00e3o 1&#8221; digite a fun\u00e7\u00e3o de quem ter\u00e1 a assinatura aparecendo no modelo desejado.<\/li>\n<li>Preencha os outros campos de acordo com o modelo do certificado.<\/li>\n<li>Clique no bot\u00e3o &#8220;Salvar&#8221;.<\/li>\n<li>Clique no bot\u00e3o &#8220;OK&#8221;.<\/li>\n<\/ol>\n<\/li>\n<li>No campo &#8220;In\u00edcio do Evento&#8221; selecione a data de in\u00edcio do evento.<\/li>\n<li>No campo &#8220;Fim do Evento&#8221; selecione a data de fim do evento.<\/li>\n<li>No campo &#8220;In\u00edcio Inscri\u00e7\u00e3o&#8221; selecione a data de in\u00edcio de inscri\u00e7\u00e3o.<\/li>\n<li>No campo &#8220;Fim Inscri\u00e7\u00e3o&#8221; selecione a data do fim da inscri\u00e7\u00e3o.<\/li>\n<li>No campo &#8220;tipo de Evento&#8221; selecione o tipo do evento.<\/li>\n<li>No campo &#8220;Inscri\u00e7\u00f5es Externas&#8221; escolha se o evento permitir\u00e1 a inscri\u00e7\u00e3o de alunos de fora do ICE.<\/li>\n<li>No campo &#8220;Evento Pago&#8221; marque as respectivas caixas se o evento for pago para os alunos do ICE e\/ou para os alunos de fora do ICE.<\/li>\n<li>Clique no bot\u00e3o &#8220;Salvar&#8221;.<\/li>\n<li>Clique no bot\u00e3o &#8220;OK&#8221;.<\/li>\n<\/ol>\n<p>&nbsp;<br \/>\n<div class=\"h5p-iframe-wrapper\"><iframe id=\"h5p-iframe-31\" class=\"h5p-iframe\" data-content-id=\"31\" style=\"height:1px\" src=\"about:blank\" frameBorder=\"0\" scrolling=\"no\" title=\"Criar Evento\"><\/iframe><\/div><\/p>\n","protected":false},"excerpt":{"rendered":"<p>Logue no INtegra. No menu \u00e0 esquerda clique em &#8220;Eventos&#8221;. No submenu clique em &#8220;Administra\u00e7\u00e3o&#8221;. No &#8220;Painel Administrativo &#8211; Eventos&#8221; clique em &#8220;Cadastro de Atividades e afins.&#8221;. No &#8220;Painel de Cadastro &#8211; Eventos&#8221; clique em &#8220;Evento&#8221;. Na parte de baixo da p\u00e1gina clique no bot\u00e3o &#8220;Novo&#8221;. No campo &#8220;Nome&#8221; digite o nome do evento. No ..<\/p>\n<div class=\"clear-fix\"><\/div>\n<p><a href=\"http:\/\/tutoriais.nrc.ice.ufjf.br\/index.php\/criar-evento\/\" title=\"read more...\">Read more<\/a><\/p>\n","protected":false},"author":1,"featured_media":0,"parent":0,"menu_order":0,"comment_status":"closed","ping_status":"closed","template":"","meta":{"footnotes":""},"class_list":["post-360","page","type-page","status-publish","hentry"],"_links":{"self":[{"href":"http:\/\/tutoriais.nrc.ice.ufjf.br\/index.php\/wp-json\/wp\/v2\/pages\/360","targetHints":{"allow":["GET"]}}],"collection":[{"href":"http:\/\/tutoriais.nrc.ice.ufjf.br\/index.php\/wp-json\/wp\/v2\/pages"}],"about":[{"href":"http:\/\/tutoriais.nrc.ice.ufjf.br\/index.php\/wp-json\/wp\/v2\/types\/page"}],"author":[{"embeddable":true,"href":"http:\/\/tutoriais.nrc.ice.ufjf.br\/index.php\/wp-json\/wp\/v2\/users\/1"}],"replies":[{"embeddable":true,"href":"http:\/\/tutoriais.nrc.ice.ufjf.br\/index.php\/wp-json\/wp\/v2\/comments?post=360"}],"version-history":[{"count":13,"href":"http:\/\/tutoriais.nrc.ice.ufjf.br\/index.php\/wp-json\/wp\/v2\/pages\/360\/revisions"}],"predecessor-version":[{"id":373,"href":"http:\/\/tutoriais.nrc.ice.ufjf.br\/index.php\/wp-json\/wp\/v2\/pages\/360\/revisions\/373"}],"wp:attachment":[{"href":"http:\/\/tutoriais.nrc.ice.ufjf.br\/index.php\/wp-json\/wp\/v2\/media?parent=360"}],"curies":[{"name":"wp","href":"https:\/\/api.w.org\/{rel}","templated":true}]}}