{"id":379,"date":"2019-10-23T13:06:04","date_gmt":"2019-10-23T13:06:04","guid":{"rendered":"http:\/\/tutoriais.nrc.ice.ufjf.br\/?page_id=379"},"modified":"2019-10-23T13:29:05","modified_gmt":"2019-10-23T13:29:05","slug":"cadastrar-atividade","status":"publish","type":"page","link":"http:\/\/tutoriais.nrc.ice.ufjf.br\/index.php\/cadastrar-atividade\/","title":{"rendered":"Cadastrar Atividade"},"content":{"rendered":"<ol>\n<li>Logue no I<strong>N<\/strong>tegra.<\/li>\n<li>No menu \u00e0 esquerda clique em &#8220;Eventos&#8221;.<\/li>\n<li>No submenu clique em &#8220;Administra\u00e7\u00e3o&#8221;.<\/li>\n<li>No &#8220;Painel Administrativo &#8211; Eventos&#8221; clique em &#8220;Cadastro de Atividades e afins.&#8221;.<\/li>\n<li>No &#8220;Painel de Cadastro &#8211; Eventos&#8221; clique em &#8220;Atividade&#8221;.<\/li>\n<li>No painel &#8220;Cadastro de Atividades.&#8221;<\/li>\n<li>No campo &#8220;Evento&#8221; selecione um evento.<\/li>\n<li>Clique no bot\u00e3o &#8220;Novo&#8221;.<\/li>\n<li>No campo &#8220;Tipo de atividade&#8221; selecione um tipo de atividade.<\/li>\n<li>No campo &#8220;Atividade Paga&#8221; clique na op\u00e7\u00e3o &#8220;Sim&#8221; se a atividade for paga.<\/li>\n<li>No campo &#8220;tema&#8221; informe o t\u00edtulo da atividade.<\/li>\n<li>No campo &#8220;descri\u00e7\u00e3o&#8221; coloque as informa\u00e7\u00f5es referentes \u00e0 atividade.<\/li>\n<li>No campo &#8220;Vagas&#8221; digite o n\u00famero de vagas.<\/li>\n<li>No campo &#8220;Dura\u00e7\u00e3o&#8221; digite o n\u00famero de horas que a atividade ter\u00e1.<\/li>\n<li>No campo &#8220;Data(s) da atividade&#8221; clique no bot\u00e3o &#8220;Definir&#8221;.<\/li>\n<li>No painel &#8220;Definir data(s) da(s) atividade(s)&#8221;:\n<ol>\n<li>No campo &#8220;Local&#8221; deixe ICE.<\/li>\n<li>No campo &#8220;Sala&#8221; informe a sala.<\/li>\n<li>No campo &#8220;Data&#8221; selecione a data.<\/li>\n<li>No campo &#8220;Hora Inicio (HHmm)&#8221; informe a hora de in\u00edcio. Exemplo: 0830<\/li>\n<li>No campo &#8220;Hora T\u00e9rmino (HHmm)&#8221; informe a hora de t\u00e9rmino. Exemplo: 1330<\/li>\n<li>Clique no bot\u00e3o &#8220;Adicionar data&#8221;.<\/li>\n<li>Repita os passos 1-6 para cada dia da atividade.<\/li>\n<li>Clique no bot\u00e3o &#8220;Salvar&#8221;.<\/li>\n<\/ol>\n<\/li>\n<li>No campo &#8220;Palestrante(s)&#8221; selecione quem ministrar\u00e1 a atividade.<\/li>\n<li>Clique no bot\u00e3o com o sinal verde de adi\u00e7\u00e3o.<\/li>\n<li>Repita os dois passos anteriores para cada ministrante.<\/li>\n<li>Clique no bot\u00e3o &#8220;Salvar&#8221;.<\/li>\n<\/ol>\n<p>&nbsp;<br \/>\n<div class=\"h5p-iframe-wrapper\"><iframe id=\"h5p-iframe-33\" class=\"h5p-iframe\" data-content-id=\"33\" style=\"height:1px\" src=\"about:blank\" frameBorder=\"0\" scrolling=\"no\" title=\"Criar Atividade\"><\/iframe><\/div><\/p>\n","protected":false},"excerpt":{"rendered":"<p>Logue no INtegra. No menu \u00e0 esquerda clique em &#8220;Eventos&#8221;. No submenu clique em &#8220;Administra\u00e7\u00e3o&#8221;. No &#8220;Painel Administrativo &#8211; Eventos&#8221; clique em &#8220;Cadastro de Atividades e afins.&#8221;. No &#8220;Painel de Cadastro &#8211; Eventos&#8221; clique em &#8220;Atividade&#8221;. No painel &#8220;Cadastro de Atividades.&#8221; No campo &#8220;Evento&#8221; selecione um evento. Clique no bot\u00e3o &#8220;Novo&#8221;. No campo &#8220;Tipo de ..<\/p>\n<div class=\"clear-fix\"><\/div>\n<p><a href=\"http:\/\/tutoriais.nrc.ice.ufjf.br\/index.php\/cadastrar-atividade\/\" title=\"read more...\">Read more<\/a><\/p>\n","protected":false},"author":1,"featured_media":0,"parent":0,"menu_order":0,"comment_status":"closed","ping_status":"closed","template":"","meta":{"footnotes":""},"class_list":["post-379","page","type-page","status-publish","hentry"],"_links":{"self":[{"href":"http:\/\/tutoriais.nrc.ice.ufjf.br\/index.php\/wp-json\/wp\/v2\/pages\/379","targetHints":{"allow":["GET"]}}],"collection":[{"href":"http:\/\/tutoriais.nrc.ice.ufjf.br\/index.php\/wp-json\/wp\/v2\/pages"}],"about":[{"href":"http:\/\/tutoriais.nrc.ice.ufjf.br\/index.php\/wp-json\/wp\/v2\/types\/page"}],"author":[{"embeddable":true,"href":"http:\/\/tutoriais.nrc.ice.ufjf.br\/index.php\/wp-json\/wp\/v2\/users\/1"}],"replies":[{"embeddable":true,"href":"http:\/\/tutoriais.nrc.ice.ufjf.br\/index.php\/wp-json\/wp\/v2\/comments?post=379"}],"version-history":[{"count":2,"href":"http:\/\/tutoriais.nrc.ice.ufjf.br\/index.php\/wp-json\/wp\/v2\/pages\/379\/revisions"}],"predecessor-version":[{"id":381,"href":"http:\/\/tutoriais.nrc.ice.ufjf.br\/index.php\/wp-json\/wp\/v2\/pages\/379\/revisions\/381"}],"wp:attachment":[{"href":"http:\/\/tutoriais.nrc.ice.ufjf.br\/index.php\/wp-json\/wp\/v2\/media?parent=379"}],"curies":[{"name":"wp","href":"https:\/\/api.w.org\/{rel}","templated":true}]}}