{"id":385,"date":"2019-10-23T14:18:56","date_gmt":"2019-10-23T14:18:56","guid":{"rendered":"http:\/\/tutoriais.nrc.ice.ufjf.br\/?page_id=385"},"modified":"2019-10-23T14:25:42","modified_gmt":"2019-10-23T14:25:42","slug":"cadastrar-palestrante","status":"publish","type":"page","link":"http:\/\/tutoriais.nrc.ice.ufjf.br\/index.php\/cadastrar-palestrante\/","title":{"rendered":"Cadastrar Palestrante"},"content":{"rendered":"<ol>\n<li>Logue no I<strong>N<\/strong>tegra.<\/li>\n<li>No menu \u00e0 esquerda clique em &#8220;Eventos&#8221;.<\/li>\n<li>No submenu clique em &#8220;Administra\u00e7\u00e3o&#8221;.<\/li>\n<li>No &#8220;Painel Administrativo &#8211; Eventos&#8221; clique em &#8220;Cadastro de Atividades e afins.&#8221;.<\/li>\n<li>No painel &#8220;Cadastro &#8211; Eventos&#8221; selecione &#8220;Palestrante&#8221;.<\/li>\n<li>Embaixo da p\u00e1gina clique no bot\u00e3o &#8220;Novo&#8221;.<\/li>\n<li>No campo &#8220;Nome&#8221; informe o nome do palestrante.<\/li>\n<li>No campo &#8220;Email&#8221; informe o email do palestrante.<\/li>\n<li>No campo &#8220;CPF&#8221; informe o CPF do palestrante.<\/li>\n<li>No campo &#8220;RG&#8221; informe o RG do palestrante.<\/li>\n<li>No campo &#8220;Pis\/Pasep&#8221; informe o do palestrante.<\/li>\n<li>No campo &#8220;Resumo Curr\u00edculo&#8221; informe um breve curr\u00edculo do palestrante.<\/li>\n<li>No campo &#8220;Link Lates&#8221; informe a url do link lattes do palestrante.<\/li>\n<li>No campo &#8220;Telefone&#8221; informe o telefone do palestrante.<\/li>\n<li>No campo &#8220;Endere\u00e7o&#8221; informe o endere\u00e7o do palestrante.<\/li>\n<li>No campo &#8220;Ag\u00eancia&#8221; informe o n\u00famero da ag\u00eancia do palestrante.<\/li>\n<li>&gt;No campo &#8220;Conta&#8221; informe o n\u00famero da conta do palestrante.<\/li>\n<li>No campo &#8220;Valor Participa\u00e7\u00e3o&#8221; informe o quanto ser\u00e1 concedido ao palestrante na forma de remunera\u00e7\u00e3o pecuni\u00e1ria.<\/li>\n<li>No campo &#8220;Valor Transporte&#8221; informe o quanto ser\u00e1 concedido ao palestrante como restitui\u00e7\u00e3o pelo gasto como transporte.<\/li>\n<li>No campo &#8220;Pagou Transporte&#8221; informe se o palestrante pagou a pr\u00f3pria despesa com transporte.<\/li>\n<li>No campo &#8220;Valor Alimenta\u00e7\u00e3o&#8221; informe o quanto ser\u00e1 concedido ao palestrante como restitui\u00e7\u00e3o pelo gasto como transporte.<\/li>\n<li>No campo &#8220;Alimenta\u00e7\u00e3o&#8221; informe se o palestrante pagou a pr\u00f3pria despesa com alimenta\u00e7\u00e3o.<\/li>\n<li>No campo &#8220;Valor Hotel&#8221; informe o quanto ser\u00e1 concedido ao palestrante como restitui\u00e7\u00e3o pelo gasto como transporte.<\/li>\n<li>No campo &#8220;Pagou Hotel&#8221; informe se o palestrante pagou a pr\u00f3pria despesa com hotel.<\/li>\n<li>Clique no bot\u00e3o &#8220;Salvar&#8221;.<\/li>\n<li>Na caixa de mensagem informando o sucesso do cadastro do palestrante clique no bot\u00e3o &#8220;Salvar&#8221;.<\/li>\n<\/ol>\n<p>&nbsp;<br \/>\n<div class=\"h5p-iframe-wrapper\"><iframe id=\"h5p-iframe-35\" class=\"h5p-iframe\" data-content-id=\"35\" style=\"height:1px\" src=\"about:blank\" frameBorder=\"0\" scrolling=\"no\" title=\"Cadastrar Palestrante\"><\/iframe><\/div><\/p>\n","protected":false},"excerpt":{"rendered":"<p>Logue no INtegra. No menu \u00e0 esquerda clique em &#8220;Eventos&#8221;. No submenu clique em &#8220;Administra\u00e7\u00e3o&#8221;. No &#8220;Painel Administrativo &#8211; Eventos&#8221; clique em &#8220;Cadastro de Atividades e afins.&#8221;. No painel &#8220;Cadastro &#8211; Eventos&#8221; selecione &#8220;Palestrante&#8221;. Embaixo da p\u00e1gina clique no bot\u00e3o &#8220;Novo&#8221;. No campo &#8220;Nome&#8221; informe o nome do palestrante. No campo &#8220;Email&#8221; informe o email ..<\/p>\n<div class=\"clear-fix\"><\/div>\n<p><a href=\"http:\/\/tutoriais.nrc.ice.ufjf.br\/index.php\/cadastrar-palestrante\/\" title=\"read more...\">Read more<\/a><\/p>\n","protected":false},"author":1,"featured_media":0,"parent":0,"menu_order":0,"comment_status":"closed","ping_status":"closed","template":"","meta":{"footnotes":""},"class_list":["post-385","page","type-page","status-publish","hentry"],"_links":{"self":[{"href":"http:\/\/tutoriais.nrc.ice.ufjf.br\/index.php\/wp-json\/wp\/v2\/pages\/385","targetHints":{"allow":["GET"]}}],"collection":[{"href":"http:\/\/tutoriais.nrc.ice.ufjf.br\/index.php\/wp-json\/wp\/v2\/pages"}],"about":[{"href":"http:\/\/tutoriais.nrc.ice.ufjf.br\/index.php\/wp-json\/wp\/v2\/types\/page"}],"author":[{"embeddable":true,"href":"http:\/\/tutoriais.nrc.ice.ufjf.br\/index.php\/wp-json\/wp\/v2\/users\/1"}],"replies":[{"embeddable":true,"href":"http:\/\/tutoriais.nrc.ice.ufjf.br\/index.php\/wp-json\/wp\/v2\/comments?post=385"}],"version-history":[{"count":2,"href":"http:\/\/tutoriais.nrc.ice.ufjf.br\/index.php\/wp-json\/wp\/v2\/pages\/385\/revisions"}],"predecessor-version":[{"id":387,"href":"http:\/\/tutoriais.nrc.ice.ufjf.br\/index.php\/wp-json\/wp\/v2\/pages\/385\/revisions\/387"}],"wp:attachment":[{"href":"http:\/\/tutoriais.nrc.ice.ufjf.br\/index.php\/wp-json\/wp\/v2\/media?parent=385"}],"curies":[{"name":"wp","href":"https:\/\/api.w.org\/{rel}","templated":true}]}}