{"id":388,"date":"2019-10-23T14:38:23","date_gmt":"2019-10-23T14:38:23","guid":{"rendered":"http:\/\/tutoriais.nrc.ice.ufjf.br\/?page_id=388"},"modified":"2019-10-23T14:38:23","modified_gmt":"2019-10-23T14:38:23","slug":"editar-palestrante","status":"publish","type":"page","link":"http:\/\/tutoriais.nrc.ice.ufjf.br\/index.php\/editar-palestrante\/","title":{"rendered":"Editar Palestrante"},"content":{"rendered":"<ol>\n<li>Logue no I<strong>N<\/strong>tegra.<\/li>\n<li>No menu \u00e0 esquerda clique em &#8220;Eventos&#8221;.<\/li>\n<li>No submenu clique em &#8220;Administra\u00e7\u00e3o&#8221;.<\/li>\n<li>No &#8220;Painel Administrativo &#8211; Eventos&#8221; clique em &#8220;Cadastro de Atividades e afins.&#8221;.<\/li>\n<li>No painel &#8220;Cadastro &#8211; Eventos&#8221; selecione &#8220;Palestrante&#8221;.<\/li>\n<li>Na lista selecione um palestrante.<\/li>\n<li>Clique no bot\u00e3o &#8220;Editar&#8221;.<\/li>\n<li>Fa\u00e7a as altera\u00e7\u00f5es desejadas.<\/li>\n<li>Clique no bot\u00e3o &#8220;Salvar&#8221;.<\/li>\n<li>Na caixa de mensagem informando que a altera\u00e7\u00e3o foi feita com sucesso clique no bot\u00e3o &#8220;OK&#8221;.<\/li>\n<\/ol>\n<p>&nbsp;<br \/>\n<div class=\"h5p-iframe-wrapper\"><iframe id=\"h5p-iframe-36\" class=\"h5p-iframe\" data-content-id=\"36\" style=\"height:1px\" src=\"about:blank\" frameBorder=\"0\" scrolling=\"no\" title=\"Editar Palestrante\"><\/iframe><\/div><\/p>\n","protected":false},"excerpt":{"rendered":"<p>Logue no INtegra. No menu \u00e0 esquerda clique em &#8220;Eventos&#8221;. No submenu clique em &#8220;Administra\u00e7\u00e3o&#8221;. No &#8220;Painel Administrativo &#8211; Eventos&#8221; clique em &#8220;Cadastro de Atividades e afins.&#8221;. No painel &#8220;Cadastro &#8211; Eventos&#8221; selecione &#8220;Palestrante&#8221;. Na lista selecione um palestrante. Clique no bot\u00e3o &#8220;Editar&#8221;. Fa\u00e7a as altera\u00e7\u00f5es desejadas. Clique no bot\u00e3o &#8220;Salvar&#8221;. Na caixa de mensagem ..<\/p>\n<div class=\"clear-fix\"><\/div>\n<p><a href=\"http:\/\/tutoriais.nrc.ice.ufjf.br\/index.php\/editar-palestrante\/\" title=\"read more...\">Read more<\/a><\/p>\n","protected":false},"author":1,"featured_media":0,"parent":0,"menu_order":0,"comment_status":"closed","ping_status":"closed","template":"","meta":{"footnotes":""},"class_list":["post-388","page","type-page","status-publish","hentry"],"_links":{"self":[{"href":"http:\/\/tutoriais.nrc.ice.ufjf.br\/index.php\/wp-json\/wp\/v2\/pages\/388","targetHints":{"allow":["GET"]}}],"collection":[{"href":"http:\/\/tutoriais.nrc.ice.ufjf.br\/index.php\/wp-json\/wp\/v2\/pages"}],"about":[{"href":"http:\/\/tutoriais.nrc.ice.ufjf.br\/index.php\/wp-json\/wp\/v2\/types\/page"}],"author":[{"embeddable":true,"href":"http:\/\/tutoriais.nrc.ice.ufjf.br\/index.php\/wp-json\/wp\/v2\/users\/1"}],"replies":[{"embeddable":true,"href":"http:\/\/tutoriais.nrc.ice.ufjf.br\/index.php\/wp-json\/wp\/v2\/comments?post=388"}],"version-history":[{"count":1,"href":"http:\/\/tutoriais.nrc.ice.ufjf.br\/index.php\/wp-json\/wp\/v2\/pages\/388\/revisions"}],"predecessor-version":[{"id":389,"href":"http:\/\/tutoriais.nrc.ice.ufjf.br\/index.php\/wp-json\/wp\/v2\/pages\/388\/revisions\/389"}],"wp:attachment":[{"href":"http:\/\/tutoriais.nrc.ice.ufjf.br\/index.php\/wp-json\/wp\/v2\/media?parent=388"}],"curies":[{"name":"wp","href":"https:\/\/api.w.org\/{rel}","templated":true}]}}