{"id":391,"date":"2019-10-29T12:56:55","date_gmt":"2019-10-29T12:56:55","guid":{"rendered":"http:\/\/tutoriais.nrc.ice.ufjf.br\/?page_id=391"},"modified":"2019-10-29T13:17:05","modified_gmt":"2019-10-29T13:17:05","slug":"confirmar-inscricao","status":"publish","type":"page","link":"http:\/\/tutoriais.nrc.ice.ufjf.br\/index.php\/confirmar-inscricao\/","title":{"rendered":"Confirmar Inscri\u00e7\u00e3o"},"content":{"rendered":"<ol>\n<li>Logue no I<strong>N<\/strong>tegra.<\/li>\n<li>No menu \u00e0 esquerda clique em &#8220;Eventos&#8221;.<\/li>\n<li>No submenu clique em &#8220;Administra\u00e7\u00e3o&#8221;.<\/li>\n<li>No &#8220;Painel Administrativo &#8211; Eventos&#8221; clique em &#8220;Administrar Inscri\u00e7\u00f5es.&#8221;.<\/li>\n<li>No campo &#8220;Eventos&#8221; selecione o evento.<\/li>\n<li>No campo &#8220;Atividades&#8221; selecione a atividade.<\/li>\n<li>Clique no bot\u00e3o &#8220;Inscri\u00e7\u00f5es pendentes&#8221;.<\/li>\n<li>Na linha da inscri\u00e7\u00e3o que se deseja confirmar clique no bot\u00e3o com o visto verde.<\/li>\n<li>Na caixa &#8220;Mensagem&#8221; clique no bot\u00e3o &#8220;OK&#8221;.<\/li>\n<\/ol>\n<p>&nbsp;<br \/>\n<div class=\"h5p-iframe-wrapper\"><iframe id=\"h5p-iframe-37\" class=\"h5p-iframe\" data-content-id=\"37\" style=\"height:1px\" src=\"about:blank\" frameBorder=\"0\" scrolling=\"no\" title=\"Confirmar Inscri\u00e7\u00e3o\"><\/iframe><\/div><\/p>\n","protected":false},"excerpt":{"rendered":"<p>Logue no INtegra. No menu \u00e0 esquerda clique em &#8220;Eventos&#8221;. No submenu clique em &#8220;Administra\u00e7\u00e3o&#8221;. No &#8220;Painel Administrativo &#8211; Eventos&#8221; clique em &#8220;Administrar Inscri\u00e7\u00f5es.&#8221;. No campo &#8220;Eventos&#8221; selecione o evento. No campo &#8220;Atividades&#8221; selecione a atividade. Clique no bot\u00e3o &#8220;Inscri\u00e7\u00f5es pendentes&#8221;. Na linha da inscri\u00e7\u00e3o que se deseja confirmar clique no bot\u00e3o com o visto ..<\/p>\n<div class=\"clear-fix\"><\/div>\n<p><a href=\"http:\/\/tutoriais.nrc.ice.ufjf.br\/index.php\/confirmar-inscricao\/\" title=\"read more...\">Read more<\/a><\/p>\n","protected":false},"author":1,"featured_media":0,"parent":0,"menu_order":0,"comment_status":"closed","ping_status":"closed","template":"","meta":{"footnotes":""},"class_list":["post-391","page","type-page","status-publish","hentry"],"_links":{"self":[{"href":"http:\/\/tutoriais.nrc.ice.ufjf.br\/index.php\/wp-json\/wp\/v2\/pages\/391","targetHints":{"allow":["GET"]}}],"collection":[{"href":"http:\/\/tutoriais.nrc.ice.ufjf.br\/index.php\/wp-json\/wp\/v2\/pages"}],"about":[{"href":"http:\/\/tutoriais.nrc.ice.ufjf.br\/index.php\/wp-json\/wp\/v2\/types\/page"}],"author":[{"embeddable":true,"href":"http:\/\/tutoriais.nrc.ice.ufjf.br\/index.php\/wp-json\/wp\/v2\/users\/1"}],"replies":[{"embeddable":true,"href":"http:\/\/tutoriais.nrc.ice.ufjf.br\/index.php\/wp-json\/wp\/v2\/comments?post=391"}],"version-history":[{"count":2,"href":"http:\/\/tutoriais.nrc.ice.ufjf.br\/index.php\/wp-json\/wp\/v2\/pages\/391\/revisions"}],"predecessor-version":[{"id":393,"href":"http:\/\/tutoriais.nrc.ice.ufjf.br\/index.php\/wp-json\/wp\/v2\/pages\/391\/revisions\/393"}],"wp:attachment":[{"href":"http:\/\/tutoriais.nrc.ice.ufjf.br\/index.php\/wp-json\/wp\/v2\/media?parent=391"}],"curies":[{"name":"wp","href":"https:\/\/api.w.org\/{rel}","templated":true}]}}