{"id":395,"date":"2019-10-29T13:29:37","date_gmt":"2019-10-29T13:29:37","guid":{"rendered":"http:\/\/tutoriais.nrc.ice.ufjf.br\/?page_id=395"},"modified":"2019-10-29T14:08:33","modified_gmt":"2019-10-29T14:08:33","slug":"presenca","status":"publish","type":"page","link":"http:\/\/tutoriais.nrc.ice.ufjf.br\/index.php\/presenca\/","title":{"rendered":"Presen\u00e7a"},"content":{"rendered":"<ol>\n<li>Logue no I<strong>N<\/strong>tegra.<\/li>\n<li>No menu \u00e0 esquerda clique em &#8220;Eventos&#8221;.<\/li>\n<li>No submenu clique em &#8220;Administra\u00e7\u00e3o&#8221;.<\/li>\n<li>No &#8220;Painel Administrativo &#8211; Eventos&#8221; clique em &#8220;Controle de presen\u00e7a das atividades.&#8221;.<\/li>\n<li>Selecione o evento clicando no bot\u00e3o &#8220;Mais informa\u00e7\u00f5es&#8230;&#8221;.<\/li>\n<li>Selecione a atividade.<\/li>\n<li>Na coluna &#8220;Presen\u00e7a&#8221; desmarque os ausentes.<\/li>\n<li>Clique no bot\u00e3o &#8220;Salvar&#8221;.<\/li>\n<li>Na caixa &#8220;Mensagem&#8221; clique no bot\u00e3o &#8220;OK&#8221;.<\/li>\n<\/ol>\n<p>&nbsp;<br \/>\n<div class=\"h5p-iframe-wrapper\"><iframe id=\"h5p-iframe-38\" class=\"h5p-iframe\" data-content-id=\"38\" style=\"height:1px\" src=\"about:blank\" frameBorder=\"0\" scrolling=\"no\" title=\"Confirmar Presen\u00e7a\"><\/iframe><\/div><\/p>\n","protected":false},"excerpt":{"rendered":"<p>Logue no INtegra. No menu \u00e0 esquerda clique em &#8220;Eventos&#8221;. No submenu clique em &#8220;Administra\u00e7\u00e3o&#8221;. No &#8220;Painel Administrativo &#8211; Eventos&#8221; clique em &#8220;Controle de presen\u00e7a das atividades.&#8221;. Selecione o evento clicando no bot\u00e3o &#8220;Mais informa\u00e7\u00f5es&#8230;&#8221;. Selecione a atividade. Na coluna &#8220;Presen\u00e7a&#8221; desmarque os ausentes. Clique no bot\u00e3o &#8220;Salvar&#8221;. Na caixa &#8220;Mensagem&#8221; clique no bot\u00e3o &#8220;OK&#8221;. ..<\/p>\n<div class=\"clear-fix\"><\/div>\n<p><a href=\"http:\/\/tutoriais.nrc.ice.ufjf.br\/index.php\/presenca\/\" title=\"read more...\">Read more<\/a><\/p>\n","protected":false},"author":1,"featured_media":0,"parent":0,"menu_order":0,"comment_status":"closed","ping_status":"closed","template":"","meta":{"footnotes":""},"class_list":["post-395","page","type-page","status-publish","hentry"],"_links":{"self":[{"href":"http:\/\/tutoriais.nrc.ice.ufjf.br\/index.php\/wp-json\/wp\/v2\/pages\/395","targetHints":{"allow":["GET"]}}],"collection":[{"href":"http:\/\/tutoriais.nrc.ice.ufjf.br\/index.php\/wp-json\/wp\/v2\/pages"}],"about":[{"href":"http:\/\/tutoriais.nrc.ice.ufjf.br\/index.php\/wp-json\/wp\/v2\/types\/page"}],"author":[{"embeddable":true,"href":"http:\/\/tutoriais.nrc.ice.ufjf.br\/index.php\/wp-json\/wp\/v2\/users\/1"}],"replies":[{"embeddable":true,"href":"http:\/\/tutoriais.nrc.ice.ufjf.br\/index.php\/wp-json\/wp\/v2\/comments?post=395"}],"version-history":[{"count":5,"href":"http:\/\/tutoriais.nrc.ice.ufjf.br\/index.php\/wp-json\/wp\/v2\/pages\/395\/revisions"}],"predecessor-version":[{"id":400,"href":"http:\/\/tutoriais.nrc.ice.ufjf.br\/index.php\/wp-json\/wp\/v2\/pages\/395\/revisions\/400"}],"wp:attachment":[{"href":"http:\/\/tutoriais.nrc.ice.ufjf.br\/index.php\/wp-json\/wp\/v2\/media?parent=395"}],"curies":[{"name":"wp","href":"https:\/\/api.w.org\/{rel}","templated":true}]}}