{"id":458,"date":"2025-06-11T20:19:55","date_gmt":"2025-06-11T20:19:55","guid":{"rendered":"http:\/\/tutoriais.nrc.ice.ufjf.br\/?page_id=458"},"modified":"2025-06-11T20:19:55","modified_gmt":"2025-06-11T20:19:55","slug":"pesquisar-disponibilidade-de-horario","status":"publish","type":"page","link":"http:\/\/tutoriais.nrc.ice.ufjf.br\/index.php\/pesquisar-disponibilidade-de-horario\/","title":{"rendered":"Pesquisar Disponibilidade de Hor\u00e1rio"},"content":{"rendered":"\n<ol class=\"wp-block-list\">\n<li>Logue no I<strong>N<\/strong>tegra.<\/li>\n\n\n\n<li>No menu \u00e0 esquerda clique em \u201cReserva de Sala\u201d.<\/li>\n\n\n\n<li>Clique na aba &#8220;Procurar Hor\u00e1rios&#8221;.<\/li>\n\n\n\n<li>Na caixa de sele\u00e7\u00e3o &#8220;Salas&#8221; selecione a sala ou as salas desejadas.<\/li>\n\n\n\n<li>No campo &#8220;Data da Busca&#8221; informe a data desejada.<\/li>\n\n\n\n<li>No campo &#8220;Hora da Busca&#8221; informe a ora desejada.<\/li>\n\n\n\n<li>No campo &#8220;Dura\u00e7\u00e3o da reserva&#8221; informe a dura\u00e7\u00e3o desejada.<\/li>\n\n\n\n<li>Caso deseje pesquisar at\u00e9 uma data espec\u00edfica marque a caixa de sele\u00e7\u00e3o &#8220;porcurar at\u00e9 a data&#8221; e informe a data desejada.<\/li>\n\n\n\n<li>Clique no bot\u00e3o pesquisar.<\/li>\n\n\n\n<li>Uma lista de hor\u00e1rios dison\u00edveis ir\u00e1 aparecer.<\/li>\n\n\n\n<li>Clique no bot\u00e3o &#8220;reservar&#8221; da linha desejada para fazer a reserva.<\/li>\n<\/ol>\n\n\n\n<div class=\"h5p-iframe-wrapper\"><iframe id=\"h5p-iframe-41\" class=\"h5p-iframe\" data-content-id=\"41\" style=\"height:1px\" src=\"about:blank\" frameBorder=\"0\" scrolling=\"no\" title=\"Hor\u00e1rios Dispon\u00edveis\"><\/iframe><\/div>\n","protected":false},"excerpt":{"rendered":"<p>..<\/p>\n<div class=\"clear-fix\"><\/div>\n<p><a href=\"http:\/\/tutoriais.nrc.ice.ufjf.br\/index.php\/pesquisar-disponibilidade-de-horario\/\" title=\"read more...\">Read more<\/a><\/p>\n","protected":false},"author":1,"featured_media":0,"parent":0,"menu_order":0,"comment_status":"closed","ping_status":"closed","template":"","meta":{"footnotes":""},"class_list":["post-458","page","type-page","status-publish","hentry"],"_links":{"self":[{"href":"http:\/\/tutoriais.nrc.ice.ufjf.br\/index.php\/wp-json\/wp\/v2\/pages\/458","targetHints":{"allow":["GET"]}}],"collection":[{"href":"http:\/\/tutoriais.nrc.ice.ufjf.br\/index.php\/wp-json\/wp\/v2\/pages"}],"about":[{"href":"http:\/\/tutoriais.nrc.ice.ufjf.br\/index.php\/wp-json\/wp\/v2\/types\/page"}],"author":[{"embeddable":true,"href":"http:\/\/tutoriais.nrc.ice.ufjf.br\/index.php\/wp-json\/wp\/v2\/users\/1"}],"replies":[{"embeddable":true,"href":"http:\/\/tutoriais.nrc.ice.ufjf.br\/index.php\/wp-json\/wp\/v2\/comments?post=458"}],"version-history":[{"count":1,"href":"http:\/\/tutoriais.nrc.ice.ufjf.br\/index.php\/wp-json\/wp\/v2\/pages\/458\/revisions"}],"predecessor-version":[{"id":461,"href":"http:\/\/tutoriais.nrc.ice.ufjf.br\/index.php\/wp-json\/wp\/v2\/pages\/458\/revisions\/461"}],"wp:attachment":[{"href":"http:\/\/tutoriais.nrc.ice.ufjf.br\/index.php\/wp-json\/wp\/v2\/media?parent=458"}],"curies":[{"name":"wp","href":"https:\/\/api.w.org\/{rel}","templated":true}]}}