{"id":53,"date":"2019-01-24T09:25:00","date_gmt":"2019-01-24T09:25:00","guid":{"rendered":"http:\/\/localhost\/wordpress\/?page_id=53"},"modified":"2019-02-27T13:23:31","modified_gmt":"2019-02-27T13:23:31","slug":"se-inscrever-em-um-evento","status":"publish","type":"page","link":"http:\/\/tutoriais.nrc.ice.ufjf.br\/index.php\/se-inscrever-em-um-evento\/","title":{"rendered":"Inscrever em um Evento"},"content":{"rendered":"<h3>Se tiver v\u00ednculo com a UFJF<\/h3>\n<ol>\n<li>Logue no I<strong>N<\/strong>tegra<\/li>\n<li>No menu \u00e0 esquerda clique em &#8220;Eventos&#8221;.<\/li>\n<li>No submenu clique em &#8220;Evento&#8221;.<\/li>\n<li>Ao encontrar o evento de interesse clique &#8220;Mais Informa\u00e7\u00f5es&#8230;&#8221;.<\/li>\n<li>No calend\u00e1rio que aparecer\u00a0clique na\u00a0atividade de interesse.<\/li>\n<li>Na pr\u00f3xima p\u00e1gina clique em &#8220;Inscrever-se&#8221;.<\/li>\n<li>Na janela que aparecer clique em &#8220;Sim&#8221;.<\/li>\n<li>Repita os passos 5 a 7 para cada atividade que quiser se inscrever.<\/li>\n<li>Quando sua inscri\u00e7\u00e3o for validada pelo coordenador do evento um email ser\u00e1 enviado.<\/li>\n<\/ol>\n<div class=\"h5p-iframe-wrapper\"><iframe id=\"h5p-iframe-6\" class=\"h5p-iframe\" data-content-id=\"6\" style=\"height:1px\" src=\"about:blank\" frameBorder=\"0\" scrolling=\"no\" title=\"Inscri\u00e7\u00e3o em um Evento\"><\/iframe><\/div>\n<h3>Se n\u00e3o tiver v\u00ednculo com a UFJF<\/h3>\n<ol>\n<li>Acesse a tela de login do Integra.<\/li>\n<li>No canto superior\u00a0direito clique em &#8220;Eventos&#8221;.<\/li>\n<li>Na pr\u00f3xima p\u00e1gina clique em &#8220;Inscri\u00e7\u00e3o Eventos&#8221;.<\/li>\n<li>Ao encontrar o evento de interesse clique &#8220;Mais Informa\u00e7\u00f5es&#8230;&#8221;.<\/li>\n<li>No calend\u00e1rio que aparecer\u00a0clique na\u00a0atividade de interesse.<\/li>\n<li>Na pr\u00f3xima p\u00e1gina clique em &#8220;Inscrever-se&#8221;.<\/li>\n<li>Na janela que aparecer clique em &#8220;Sim&#8221;.<\/li>\n<li>Repita os passos 5 a 7 para cada atividade que quiser se inscrever.<\/li>\n<li>Quando sua inscri\u00e7\u00e3o for validada pelo coordenador do evento um email ser\u00e1 enviado.<\/li>\n<\/ol>\n","protected":false},"excerpt":{"rendered":"<p>Se tiver v\u00ednculo com a UFJF Logue no INtegra No menu \u00e0 esquerda clique em &#8220;Eventos&#8221;. No submenu clique em &#8220;Evento&#8221;. Ao encontrar o evento de interesse clique &#8220;Mais Informa\u00e7\u00f5es&#8230;&#8221;. No calend\u00e1rio que aparecer\u00a0clique na\u00a0atividade de interesse. Na pr\u00f3xima p\u00e1gina clique em &#8220;Inscrever-se&#8221;. Na janela que aparecer clique em &#8220;Sim&#8221;. Repita os passos 5 a ..<\/p>\n<div class=\"clear-fix\"><\/div>\n<p><a href=\"http:\/\/tutoriais.nrc.ice.ufjf.br\/index.php\/se-inscrever-em-um-evento\/\" title=\"read more...\">Read more<\/a><\/p>\n","protected":false},"author":1,"featured_media":0,"parent":0,"menu_order":6,"comment_status":"closed","ping_status":"closed","template":"","meta":{"footnotes":""},"class_list":["post-53","page","type-page","status-publish","hentry"],"_links":{"self":[{"href":"http:\/\/tutoriais.nrc.ice.ufjf.br\/index.php\/wp-json\/wp\/v2\/pages\/53","targetHints":{"allow":["GET"]}}],"collection":[{"href":"http:\/\/tutoriais.nrc.ice.ufjf.br\/index.php\/wp-json\/wp\/v2\/pages"}],"about":[{"href":"http:\/\/tutoriais.nrc.ice.ufjf.br\/index.php\/wp-json\/wp\/v2\/types\/page"}],"author":[{"embeddable":true,"href":"http:\/\/tutoriais.nrc.ice.ufjf.br\/index.php\/wp-json\/wp\/v2\/users\/1"}],"replies":[{"embeddable":true,"href":"http:\/\/tutoriais.nrc.ice.ufjf.br\/index.php\/wp-json\/wp\/v2\/comments?post=53"}],"version-history":[{"count":1,"href":"http:\/\/tutoriais.nrc.ice.ufjf.br\/index.php\/wp-json\/wp\/v2\/pages\/53\/revisions"}],"predecessor-version":[{"id":279,"href":"http:\/\/tutoriais.nrc.ice.ufjf.br\/index.php\/wp-json\/wp\/v2\/pages\/53\/revisions\/279"}],"wp:attachment":[{"href":"http:\/\/tutoriais.nrc.ice.ufjf.br\/index.php\/wp-json\/wp\/v2\/media?parent=53"}],"curies":[{"name":"wp","href":"https:\/\/api.w.org\/{rel}","templated":true}]}}