{"id":68,"date":"2019-01-24T11:37:02","date_gmt":"2019-01-24T11:37:02","guid":{"rendered":"http:\/\/localhost\/wordpress\/?page_id=68"},"modified":"2019-01-24T11:37:02","modified_gmt":"2019-01-24T11:37:02","slug":"redirecionamento-de-email","status":"publish","type":"page","link":"http:\/\/tutoriais.nrc.ice.ufjf.br\/index.php\/redirecionamento-de-email\/","title":{"rendered":"Redirecionar Email"},"content":{"rendered":"<div style=\"color: #3c4043;font-family: 'Roboto', sans-serif;font-size: 14px\">\n<h1 style=\"font-size: 24px\">Redirecionando o email @ice para sua conta Google padr\u00e3o<\/h1>\n<h3 style=\"font-size: 20px;margin: 20px 0 14px 0\">1. Na conta @ice<\/h3>\n<ol style=\"padding: 0 0 14px 20px\">\n<li>No canto superior direito, clique em Configura\u00e7\u00f5es <img loading=\"lazy\" decoding=\"async\" style=\"vertical-align: middle\" title=\"Configura\u00e7\u00f5es\" src=\"\/\/storage.googleapis.com\/support-kms-prod\/A36BE11E088559CDC333448B2AC7F76B6C48\" alt=\"Configura\u00e7\u00f5es\" width=\"18\" height=\"18\">.<\/li>\n<li>Clique em <strong>Configura\u00e7\u00f5es<\/strong>.<\/li>\n<li>Clique na guia <strong>Encaminhamento e POP\/IMAP<\/strong>.<\/li>\n<li>Na se\u00e7\u00e3o &#8220;Encaminhamento&#8221;, clique em <strong>Adicionar um endere\u00e7o de encaminhamento<\/strong>.<\/li>\n<li>Digite o endere\u00e7o de e-mail ao qual voc\u00ea quer encaminhar as mensagens.<\/li>\n<li>Clique em <strong>Pr\u00f3ximo<\/strong>.<\/li>\n<li>Clique em <strong>Continuar<\/strong>.<\/li>\n<li>Clique em <strong>OK<\/strong>.<\/li>\n<li>Uma mensagem de confirma\u00e7\u00e3o ser\u00e1 enviada para esse endere\u00e7o.<\/li>\n<\/ol>\n<div class=\"h5p-iframe-wrapper\"><iframe id=\"h5p-iframe-8\" class=\"h5p-iframe\" data-content-id=\"8\" style=\"height:1px\" src=\"about:blank\" frameBorder=\"0\" scrolling=\"no\" title=\"Encaminhar Email\"><\/iframe><\/div>\n<h3 style=\"font-size: 20px;margin: 20px 0 14px 0\">2. Na conta padr\u00e3o<\/h3>\n<ol style=\"padding: 0 0 14px 20px\">\n<li>Clique no link de confirma\u00e7\u00e3o fornecido na mensagem.<\/li>\n<\/ol>\n<div class=\"h5p-iframe-wrapper\"><iframe id=\"h5p-iframe-9\" class=\"h5p-iframe\" data-content-id=\"9\" style=\"height:1px\" src=\"about:blank\" frameBorder=\"0\" scrolling=\"no\" title=\"Aceitar Encaminhamento\"><\/iframe><\/div>\n<h3 style=\"font-size: 20px;margin: 20px 0 14px 0\">3. Na conta @ice<\/h3>\n<ol style=\"padding: 0 0 14px 20px\">\n<li>Selecione <strong>Encaminhar uma c\u00f3pia dos e-mails recebidos para<\/strong>.<\/li>\n<li>Escolha o que voc\u00ea quer que aconte\u00e7a com a c\u00f3pia dos seus e-mails do Gmail. Recomendamos manter a c\u00f3pia do Gmail na Caixa de entrada.<\/li>\n<li>Na parte inferior da p\u00e1gina, clique em <strong>Salvar altera\u00e7\u00f5es<\/strong>.<\/li>\n<\/ol>\n<div class=\"h5p-iframe-wrapper\"><iframe id=\"h5p-iframe-10\" class=\"h5p-iframe\" data-content-id=\"10\" style=\"height:1px\" src=\"about:blank\" frameBorder=\"0\" scrolling=\"no\" title=\"Ativar Encaminhamento\"><\/iframe><\/div>\n<h3 style=\"font-size: 20px;margin: 20px 0 14px 0\">Pedido de Suporte<\/h3>\n<p>Se n\u00e3o conseguiu realizar o redirecionamento nos envie um pedido de suporte atrav\u00e9s do <a href=\"wordpress\/abrir-um-chamado-de-suporte\/\">Integra<\/a>.\n<\/div>\n","protected":false},"excerpt":{"rendered":"<p>Redirecionando o email @ice para sua conta Google padr\u00e3o 1. Na conta @ice No canto superior direito, clique em Configura\u00e7\u00f5es . Clique em Configura\u00e7\u00f5es. Clique na guia Encaminhamento e POP\/IMAP. Na se\u00e7\u00e3o &#8220;Encaminhamento&#8221;, clique em Adicionar um endere\u00e7o de encaminhamento. Digite o endere\u00e7o de e-mail ao qual voc\u00ea quer encaminhar as mensagens. Clique em Pr\u00f3ximo. ..<\/p>\n<div class=\"clear-fix\"><\/div>\n<p><a href=\"http:\/\/tutoriais.nrc.ice.ufjf.br\/index.php\/redirecionamento-de-email\/\" title=\"read more...\">Read more<\/a><\/p>\n","protected":false},"author":1,"featured_media":0,"parent":0,"menu_order":8,"comment_status":"closed","ping_status":"closed","template":"","meta":{"footnotes":""},"class_list":["post-68","page","type-page","status-publish","hentry"],"_links":{"self":[{"href":"http:\/\/tutoriais.nrc.ice.ufjf.br\/index.php\/wp-json\/wp\/v2\/pages\/68","targetHints":{"allow":["GET"]}}],"collection":[{"href":"http:\/\/tutoriais.nrc.ice.ufjf.br\/index.php\/wp-json\/wp\/v2\/pages"}],"about":[{"href":"http:\/\/tutoriais.nrc.ice.ufjf.br\/index.php\/wp-json\/wp\/v2\/types\/page"}],"author":[{"embeddable":true,"href":"http:\/\/tutoriais.nrc.ice.ufjf.br\/index.php\/wp-json\/wp\/v2\/users\/1"}],"replies":[{"embeddable":true,"href":"http:\/\/tutoriais.nrc.ice.ufjf.br\/index.php\/wp-json\/wp\/v2\/comments?post=68"}],"version-history":[{"count":0,"href":"http:\/\/tutoriais.nrc.ice.ufjf.br\/index.php\/wp-json\/wp\/v2\/pages\/68\/revisions"}],"wp:attachment":[{"href":"http:\/\/tutoriais.nrc.ice.ufjf.br\/index.php\/wp-json\/wp\/v2\/media?parent=68"}],"curies":[{"name":"wp","href":"https:\/\/api.w.org\/{rel}","templated":true}]}}