{"id":8,"date":"2018-12-20T12:06:20","date_gmt":"2018-12-20T12:06:20","guid":{"rendered":"http:\/?page_id=2"},"modified":"2019-02-27T12:53:26","modified_gmt":"2019-02-27T12:53:26","slug":"sample-page-2","status":"publish","type":"page","link":"http:\/\/tutoriais.nrc.ice.ufjf.br\/","title":{"rendered":"Tutoriais INtegra"},"content":{"rendered":"<p>Prezado(a) usu\u00e1rio(a),<\/p>\n<p>Como parte das a\u00e7\u00f5es para tornar os sistemas que comp\u00f5em o i<strong>N<\/strong>tegra mais &#8220;amig\u00e1veis&#8221; ao usu\u00e1rio final, disponibilizamos, a partir de fevereiro de 2018, uma s\u00e9rie de v\u00eddeos e passos para o uso dos sistemas e funcionalidades do i<strong>N<\/strong>tegra.<\/p>\n<p>Esperamos com isso auxiliar e motivar nossa comunidade no uso dos sistemas desenvolvidos pelo NRC\/ICE (N\u00facleo de Recursos Computacionais do ICE).<\/p>\n<p>Ao longo do tempo iremos disponibilizar novos v\u00eddeos, conforme a demanda dos usu\u00e1rios ou mesmo novas funcionalidades sejam implantadas.<\/p>\n<p>D\u00favidas e sugest\u00f5es, favor entrar em contato pelo sistema de <a href=\"https:\/\/integra.nrc.ice.ufjf.br\/integra\/geral\/menuSuporte.zul\">Suporte<\/a>.<\/p>\n<p>Equipe i<strong>N<\/strong>tegra<\/p>\n\n\n<p><\/p>\n","protected":false},"excerpt":{"rendered":"<p>Prezado(a) usu\u00e1rio(a), Como parte das a\u00e7\u00f5es para tornar os sistemas que comp\u00f5em o iNtegra mais &#8220;amig\u00e1veis&#8221; ao usu\u00e1rio final, disponibilizamos, a partir de fevereiro de 2018, uma s\u00e9rie de v\u00eddeos e passos para o uso dos sistemas e funcionalidades do iNtegra. Esperamos com isso auxiliar e motivar nossa comunidade no uso dos sistemas desenvolvidos pelo ..<\/p>\n<div class=\"clear-fix\"><\/div>\n<p><a href=\"http:\/\/tutoriais.nrc.ice.ufjf.br\/\" title=\"read more...\">Read more<\/a><\/p>\n","protected":false},"author":1,"featured_media":0,"parent":0,"menu_order":0,"comment_status":"closed","ping_status":"open","template":"","meta":{"footnotes":""},"class_list":["post-8","page","type-page","status-publish","hentry"],"_links":{"self":[{"href":"http:\/\/tutoriais.nrc.ice.ufjf.br\/index.php\/wp-json\/wp\/v2\/pages\/8","targetHints":{"allow":["GET"]}}],"collection":[{"href":"http:\/\/tutoriais.nrc.ice.ufjf.br\/index.php\/wp-json\/wp\/v2\/pages"}],"about":[{"href":"http:\/\/tutoriais.nrc.ice.ufjf.br\/index.php\/wp-json\/wp\/v2\/types\/page"}],"author":[{"embeddable":true,"href":"http:\/\/tutoriais.nrc.ice.ufjf.br\/index.php\/wp-json\/wp\/v2\/users\/1"}],"replies":[{"embeddable":true,"href":"http:\/\/tutoriais.nrc.ice.ufjf.br\/index.php\/wp-json\/wp\/v2\/comments?post=8"}],"version-history":[{"count":13,"href":"http:\/\/tutoriais.nrc.ice.ufjf.br\/index.php\/wp-json\/wp\/v2\/pages\/8\/revisions"}],"predecessor-version":[{"id":259,"href":"http:\/\/tutoriais.nrc.ice.ufjf.br\/index.php\/wp-json\/wp\/v2\/pages\/8\/revisions\/259"}],"wp:attachment":[{"href":"http:\/\/tutoriais.nrc.ice.ufjf.br\/index.php\/wp-json\/wp\/v2\/media?parent=8"}],"curies":[{"name":"wp","href":"https:\/\/api.w.org\/{rel}","templated":true}]}}