{"id":83,"date":"2019-01-25T09:49:28","date_gmt":"2019-01-25T09:49:28","guid":{"rendered":"http:\/\/localhost\/wordpress\/?page_id=83"},"modified":"2019-02-27T13:19:39","modified_gmt":"2019-02-27T13:19:39","slug":"como-recuperar-a-senha-do-email-ice","status":"publish","type":"page","link":"http:\/\/tutoriais.nrc.ice.ufjf.br\/index.php\/como-recuperar-a-senha-do-email-ice\/","title":{"rendered":"Recuperar a Senha do Email @ice"},"content":{"rendered":"<p>Se voc\u00ea esquecer a senha do email do ice os seguintes passos.<\/p>\n<ol>\n<li>Logue no I<strong>N<\/strong>tegra.<\/li>\n<li>No menu \u00e0 esquerda clique em &#8220;Email&#8221;<\/li>\n<li>Clique no bot\u00e3o gerar uma nova senha.<\/li>\n<li>Ser\u00e1 enviada uma nova senha para o email cadastrado no Siga.<\/li>\n<\/ol>\n<div class=\"h5p-iframe-wrapper\"><iframe id=\"h5p-iframe-12\" class=\"h5p-iframe\" data-content-id=\"12\" style=\"height:1px\" src=\"about:blank\" frameBorder=\"0\" scrolling=\"no\" title=\"Recuperar Senha @ice\"><\/iframe><\/div>\n","protected":false},"excerpt":{"rendered":"<p>Se voc\u00ea esquecer a senha do email do ice os seguintes passos. Logue no INtegra. No menu \u00e0 esquerda clique em &#8220;Email&#8221; Clique no bot\u00e3o gerar uma nova senha. Ser\u00e1 enviada uma nova senha para o email cadastrad..<\/p>\n<div class=\"clear-fix\"><\/div>\n<p><a href=\"http:\/\/tutoriais.nrc.ice.ufjf.br\/index.php\/como-recuperar-a-senha-do-email-ice\/\" title=\"read more...\">Read more<\/a><\/p>\n","protected":false},"author":1,"featured_media":0,"parent":0,"menu_order":9,"comment_status":"closed","ping_status":"closed","template":"","meta":{"footnotes":""},"class_list":["post-83","page","type-page","status-publish","hentry"],"_links":{"self":[{"href":"http:\/\/tutoriais.nrc.ice.ufjf.br\/index.php\/wp-json\/wp\/v2\/pages\/83","targetHints":{"allow":["GET"]}}],"collection":[{"href":"http:\/\/tutoriais.nrc.ice.ufjf.br\/index.php\/wp-json\/wp\/v2\/pages"}],"about":[{"href":"http:\/\/tutoriais.nrc.ice.ufjf.br\/index.php\/wp-json\/wp\/v2\/types\/page"}],"author":[{"embeddable":true,"href":"http:\/\/tutoriais.nrc.ice.ufjf.br\/index.php\/wp-json\/wp\/v2\/users\/1"}],"replies":[{"embeddable":true,"href":"http:\/\/tutoriais.nrc.ice.ufjf.br\/index.php\/wp-json\/wp\/v2\/comments?post=83"}],"version-history":[{"count":1,"href":"http:\/\/tutoriais.nrc.ice.ufjf.br\/index.php\/wp-json\/wp\/v2\/pages\/83\/revisions"}],"predecessor-version":[{"id":277,"href":"http:\/\/tutoriais.nrc.ice.ufjf.br\/index.php\/wp-json\/wp\/v2\/pages\/83\/revisions\/277"}],"wp:attachment":[{"href":"http:\/\/tutoriais.nrc.ice.ufjf.br\/index.php\/wp-json\/wp\/v2\/media?parent=83"}],"curies":[{"name":"wp","href":"https:\/\/api.w.org\/{rel}","templated":true}]}}